{"id":2,"date":"2013-11-06T11:55:36","date_gmt":"2013-11-06T11:55:36","guid":{"rendered":"http:\/\/famaconsa.com\/tanques\/?page_id=2"},"modified":"2016-04-22T19:08:32","modified_gmt":"2016-04-22T19:08:32","slug":"empresa","status":"publish","type":"page","link":"http:\/\/famaconsa.com\/tanques\/empresa\/","title":{"rendered":"Empresa"},"content":{"rendered":"<p><strong><img loading=\"lazy\" decoding=\"async\" class=\"alignright size-medium wp-image-25\" src=\"http:\/\/famaconsa.com\/tanques\/wp-content\/uploads\/2013\/11\/foto1-300x300.jpg\" alt=\"foto1\" width=\"300\" height=\"300\" srcset=\"http:\/\/famaconsa.com\/tanques\/wp-content\/uploads\/2013\/11\/foto1-300x300.jpg 300w, http:\/\/famaconsa.com\/tanques\/wp-content\/uploads\/2013\/11\/foto1-150x150.jpg 150w, http:\/\/famaconsa.com\/tanques\/wp-content\/uploads\/2013\/11\/foto1-768x768.jpg 768w, http:\/\/famaconsa.com\/tanques\/wp-content\/uploads\/2013\/11\/foto1.jpg 800w\" sizes=\"auto, (max-width: 300px) 100vw, 300px\" \/>Famacon S.A.<\/strong> se dedica a la fabricaci\u00f3n y provisi\u00f3n de tanques para redes contra incendio para la demanda de empresas y municipios.<\/p>\n<p>Con una importante cartera de clientes, crecimos mejorando d\u00eda a d\u00eda nuestros procesos de fabricaci\u00f3n y venta con el fin de posicionar nuestra marca en el mercado. Buscamos brindar productos de calidad a nuestros clientes.<\/p>\n<p>Proveemos soluciones para el almacenamiento de agua para redes contra incendio. Nos dedicamos a la industria metal\u00fargica de la fabricaci\u00f3n de tanques contenedores, cisternas, tanques para agua, tanques verticales, tanques horizontales, y piletas petroleras.<\/p>\n<p>Los tanques se realizan en acero al carbono de espesores acorde a la capacidad, de diferentes formatos y dimensiones, pueden ser horizontales o verticales, bajo rampa, con cabezales planos o c\u00f3nicos.<\/p>\n<p>Tienen bridas para conexi\u00f3n o cuplas de carga y\/o descarga.\u00a0Se fabrican con doble cord\u00f3n de soldadura interna y externa. Utilizando soldadura Tig (GTAW) aprovechando la gran ventaja de este m\u00e9todo, obteniendo cordones m\u00e1s resistentes, m\u00e1s d\u00factiles, y menos sensibles a la corrosi\u00f3n que el resto de los procedimientos. Tambi\u00e9n utilizamos soldadura MIG (MAG) que tiene como principales beneficios, la buena terminaci\u00f3n, la poca formaci\u00f3n de gases contaminantes, en otras palabras un proceso de alta productividad y excelente calidad.<\/p>\n<p><strong><img loading=\"lazy\" decoding=\"async\" class=\"alignleft size-medium wp-image-26\" src=\"http:\/\/famaconsa.com\/tanques\/wp-content\/uploads\/2013\/11\/foto10-300x300.jpg\" alt=\"foto10\" width=\"300\" height=\"300\" srcset=\"http:\/\/famaconsa.com\/tanques\/wp-content\/uploads\/2013\/11\/foto10-300x300.jpg 300w, http:\/\/famaconsa.com\/tanques\/wp-content\/uploads\/2013\/11\/foto10-150x150.jpg 150w, http:\/\/famaconsa.com\/tanques\/wp-content\/uploads\/2013\/11\/foto10-768x768.jpg 768w, http:\/\/famaconsa.com\/tanques\/wp-content\/uploads\/2013\/11\/foto10.jpg 800w\" sizes=\"auto, (max-width: 300px) 100vw, 300px\" \/>Se realiza el fosfatizado<\/strong><\/p>\n<p>El tratamiento de pintura se realiza en los tanques aplicando una pintura anti oxido, especialmente formulado con resinas alqu\u00eddicas, oxido de hierro y otros pigmentos anticorrosivos libres de cromo y plomo, para lograr un fondo de alta resistencia a la corrosi\u00f3n.<\/p>\n","protected":false},"excerpt":{"rendered":"<p>Famacon S.A. se dedica a la fabricaci\u00f3n y provisi\u00f3n de tanques para redes contra incendio para la demanda de empresas y municipios. Con una importante cartera de clientes, crecimos mejorando d\u00eda a d\u00eda nuestros procesos de fabricaci\u00f3n y venta con el fin de posicionar nuestra marca en el mercado. Buscamos brindar productos de calidad a [&hellip;]<\/p>\n","protected":false},"author":1,"featured_media":0,"parent":0,"menu_order":0,"comment_status":"open","ping_status":"closed","template":"","meta":{"footnotes":""},"class_list":["post-2","page","type-page","status-publish","czr-hentry"],"_links":{"self":[{"href":"http:\/\/famaconsa.com\/tanques\/wp-json\/wp\/v2\/pages\/2","targetHints":{"allow":["GET"]}}],"collection":[{"href":"http:\/\/famaconsa.com\/tanques\/wp-json\/wp\/v2\/pages"}],"about":[{"href":"http:\/\/famaconsa.com\/tanques\/wp-json\/wp\/v2\/types\/page"}],"author":[{"embeddable":true,"href":"http:\/\/famaconsa.com\/tanques\/wp-json\/wp\/v2\/users\/1"}],"replies":[{"embeddable":true,"href":"http:\/\/famaconsa.com\/tanques\/wp-json\/wp\/v2\/comments?post=2"}],"version-history":[{"count":3,"href":"http:\/\/famaconsa.com\/tanques\/wp-json\/wp\/v2\/pages\/2\/revisions"}],"predecessor-version":[{"id":27,"href":"http:\/\/famaconsa.com\/tanques\/wp-json\/wp\/v2\/pages\/2\/revisions\/27"}],"wp:attachment":[{"href":"http:\/\/famaconsa.com\/tanques\/wp-json\/wp\/v2\/media?parent=2"}],"curies":[{"name":"wp","href":"https:\/\/api.w.org\/{rel}","templated":true}]}}