{"id":53,"date":"2016-04-11T19:53:28","date_gmt":"2016-04-11T19:53:28","guid":{"rendered":"http:\/\/famaconsa.com\/molinos\/?page_id=53"},"modified":"2016-07-01T11:01:10","modified_gmt":"2016-07-01T11:01:10","slug":"tanques-de-cilindricos","status":"publish","type":"page","link":"http:\/\/famaconsa.com\/molinos\/tanques-de-cilindricos\/","title":{"rendered":"Tanques Cil\u00edndricos"},"content":{"rendered":"<p>Los tanques cil\u00edndricos se construyen en chapa galvanizada unidas con remaches y cuentan con puertas de inspecci\u00f3n en la parte superior. Cubren toda la gama de necesidades, desde los 1.000 hasta los 50.000 ltrs. Pudi\u00e9ndose ubicar en torres que van desde los 4 a los 15 m de altura.<\/p>\n<p>Adem\u00e1s de los tanques de capacidades especiales realizados a pedido.<\/p>\n<h2><em><strong>Haga click en la imagen para ampliar.<\/strong><\/em><\/h2>\n\n\t\t<style type=\"text\/css\">\n\t\t\t#gallery-1 {\n\t\t\t\tmargin: auto;\n\t\t\t}\n\t\t\t#gallery-1 .gallery-item {\n\t\t\t\tfloat: left;\n\t\t\t\tmargin-top: 10px;\n\t\t\t\ttext-align: center;\n\t\t\t\twidth: 33%;\n\t\t\t}\n\t\t\t#gallery-1 img {\n\t\t\t\tborder: 2px solid #cfcfcf;\n\t\t\t}\n\t\t\t#gallery-1 .gallery-caption {\n\t\t\t\tmargin-left: 0;\n\t\t\t}\n\t\t\t\/* see gallery_shortcode() in wp-includes\/media.php *\/\n\t\t<\/style>\n\t\t<div id='gallery-1' class='gallery galleryid-53 gallery-columns-3 gallery-size-full'><dl class='gallery-item'>\n\t\t\t<dt class='gallery-icon landscape'>\n\t\t\t\t<a class=\"grouped_elements\" rel=\"tc-fancybox-group\" href=\"http:\/\/famaconsa.com\/molinos\/wp-content\/uploads\/2016\/04\/b2.jpg\" title=\"Tanques de agua\"><img loading=\"lazy\" decoding=\"async\" width=\"800\" height=\"800\" src=\"http:\/\/famaconsa.com\/molinos\/wp-content\/uploads\/2016\/04\/b2.jpg\" class=\"attachment-full size-full\" alt=\"\" srcset=\"http:\/\/famaconsa.com\/molinos\/wp-content\/uploads\/2016\/04\/b2.jpg 800w, http:\/\/famaconsa.com\/molinos\/wp-content\/uploads\/2016\/04\/b2-150x150.jpg 150w, http:\/\/famaconsa.com\/molinos\/wp-content\/uploads\/2016\/04\/b2-300x300.jpg 300w, http:\/\/famaconsa.com\/molinos\/wp-content\/uploads\/2016\/04\/b2-768x768.jpg 768w\" sizes=\"auto, (max-width: 800px) 100vw, 800px\" \/><\/a>\n\t\t\t<\/dt>\n\t\t\t\t<dd class='wp-caption-text gallery-caption' id='gallery-1-125'>\n\t\t\t\tMolino con Tanque cil\u00edndrico\n\t\t\t\t<\/dd><\/dl><dl class='gallery-item'>\n\t\t\t<dt class='gallery-icon landscape'>\n\t\t\t\t<a class=\"grouped_elements\" rel=\"tc-fancybox-group\" href=\"http:\/\/famaconsa.com\/molinos\/wp-content\/uploads\/2016\/06\/art-24-tanque-cili\u0301ndrico.jpg\" title=\"art 24 tanque cili\u0301ndrico\"><img loading=\"lazy\" decoding=\"async\" width=\"5185\" height=\"3543\" src=\"http:\/\/famaconsa.com\/molinos\/wp-content\/uploads\/2016\/06\/art-24-tanque-cili\u0301ndrico.jpg\" class=\"attachment-full size-full\" alt=\"\" srcset=\"http:\/\/famaconsa.com\/molinos\/wp-content\/uploads\/2016\/06\/art-24-tanque-cili\u0301ndrico.jpg 5185w, http:\/\/famaconsa.com\/molinos\/wp-content\/uploads\/2016\/06\/art-24-tanque-cili\u0301ndrico-300x205.jpg 300w, http:\/\/famaconsa.com\/molinos\/wp-content\/uploads\/2016\/06\/art-24-tanque-cili\u0301ndrico-768x525.jpg 768w, http:\/\/famaconsa.com\/molinos\/wp-content\/uploads\/2016\/06\/art-24-tanque-cili\u0301ndrico-1024x700.jpg 1024w\" sizes=\"auto, (max-width: 5185px) 100vw, 5185px\" \/><\/a>\n\t\t\t<\/dt>\n\t\t\t\t<dd class='wp-caption-text gallery-caption' id='gallery-1-166'>\n\t\t\t\tTorre con tanque cil\u00edndrico \n\t\t\t\t<\/dd><\/dl><dl class='gallery-item'>\n\t\t\t<dt class='gallery-icon landscape'>\n\t\t\t\t<a class=\"grouped_elements\" rel=\"tc-fancybox-group\" href=\"http:\/\/famaconsa.com\/molinos\/wp-content\/uploads\/2016\/04\/molino2.jpg\" title=\"molino de viento\"><img loading=\"lazy\" decoding=\"async\" width=\"800\" height=\"800\" src=\"http:\/\/famaconsa.com\/molinos\/wp-content\/uploads\/2016\/04\/molino2.jpg\" class=\"attachment-full size-full\" alt=\"\" srcset=\"http:\/\/famaconsa.com\/molinos\/wp-content\/uploads\/2016\/04\/molino2.jpg 800w, http:\/\/famaconsa.com\/molinos\/wp-content\/uploads\/2016\/04\/molino2-150x150.jpg 150w, http:\/\/famaconsa.com\/molinos\/wp-content\/uploads\/2016\/04\/molino2-300x300.jpg 300w, http:\/\/famaconsa.com\/molinos\/wp-content\/uploads\/2016\/04\/molino2-768x768.jpg 768w\" sizes=\"auto, (max-width: 800px) 100vw, 800px\" \/><\/a>\n\t\t\t<\/dt>\n\t\t\t\t<dd class='wp-caption-text gallery-caption' id='gallery-1-113'>\n\t\t\t\tMolino con Tanque cil\u00edndrico  \n\t\t\t\t<\/dd><\/dl><br style=\"clear: both\" \/><dl class='gallery-item'>\n\t\t\t<dt class='gallery-icon portrait'>\n\t\t\t\t<a class=\"grouped_elements\" rel=\"tc-fancybox-group\" href=\"http:\/\/famaconsa.com\/molinos\/wp-content\/uploads\/2016\/06\/Tanque-cilindrico-.jpg\" title=\"Tanque cilindrico\"><img loading=\"lazy\" decoding=\"async\" width=\"333\" height=\"436\" src=\"http:\/\/famaconsa.com\/molinos\/wp-content\/uploads\/2016\/06\/Tanque-cilindrico-.jpg\" class=\"attachment-full size-full\" alt=\"\" srcset=\"http:\/\/famaconsa.com\/molinos\/wp-content\/uploads\/2016\/06\/Tanque-cilindrico-.jpg 333w, http:\/\/famaconsa.com\/molinos\/wp-content\/uploads\/2016\/06\/Tanque-cilindrico--229x300.jpg 229w\" sizes=\"auto, (max-width: 333px) 100vw, 333px\" \/><\/a>\n\t\t\t<\/dt>\n\t\t\t\t<dd class='wp-caption-text gallery-caption' id='gallery-1-349'>\n\t\t\t\tTorre con tanque cil\u00edndrico\n\t\t\t\t<\/dd><\/dl>\n\t\t\t<br style='clear: both' \/>\n\t\t<\/div>\n\n<h2><a href=\"http:\/\/famaconsa.com\/molinos\/tanques-conicos\/\" target=\"_blank\"><em><strong>Tanques c\u00f3nicos<\/strong><\/em><\/a><\/h2>\n<p>&nbsp;<\/p>\n<p>&nbsp;<\/p>\n<p>&nbsp;<\/p>\n<p>&nbsp;<\/p>\n","protected":false},"excerpt":{"rendered":"<p>Los tanques cil\u00edndricos se construyen en chapa galvanizada unidas con remaches y cuentan con puertas de inspecci\u00f3n en la parte superior. Cubren toda la gama de necesidades, desde los 1.000 hasta los 50.000 ltrs. Pudi\u00e9ndose ubicar en torres que van desde los 4 a los 15 m de altura. Adem\u00e1s de los tanques de capacidades [&hellip;]<\/p>\n","protected":false},"author":2,"featured_media":0,"parent":0,"menu_order":0,"comment_status":"closed","ping_status":"closed","template":"","meta":{"footnotes":""},"class_list":["post-53","page","type-page","status-publish","czr-hentry"],"_links":{"self":[{"href":"http:\/\/famaconsa.com\/molinos\/wp-json\/wp\/v2\/pages\/53","targetHints":{"allow":["GET"]}}],"collection":[{"href":"http:\/\/famaconsa.com\/molinos\/wp-json\/wp\/v2\/pages"}],"about":[{"href":"http:\/\/famaconsa.com\/molinos\/wp-json\/wp\/v2\/types\/page"}],"author":[{"embeddable":true,"href":"http:\/\/famaconsa.com\/molinos\/wp-json\/wp\/v2\/users\/2"}],"replies":[{"embeddable":true,"href":"http:\/\/famaconsa.com\/molinos\/wp-json\/wp\/v2\/comments?post=53"}],"version-history":[{"count":12,"href":"http:\/\/famaconsa.com\/molinos\/wp-json\/wp\/v2\/pages\/53\/revisions"}],"predecessor-version":[{"id":354,"href":"http:\/\/famaconsa.com\/molinos\/wp-json\/wp\/v2\/pages\/53\/revisions\/354"}],"wp:attachment":[{"href":"http:\/\/famaconsa.com\/molinos\/wp-json\/wp\/v2\/media?parent=53"}],"curies":[{"name":"wp","href":"https:\/\/api.w.org\/{rel}","templated":true}]}}