{"id":33,"date":"2016-04-11T19:26:56","date_gmt":"2016-04-11T19:26:56","guid":{"rendered":"http:\/\/famaconsa.com\/molinos\/?page_id=33"},"modified":"2021-06-14T19:38:21","modified_gmt":"2021-06-14T19:38:21","slug":"huracan-3","status":"publish","type":"page","link":"http:\/\/famaconsa.com\/molinos\/huracan-3\/","title":{"rendered":"Molinos HURACAN"},"content":{"rendered":"<p>En los molinos a viento HURACAN no hay partes ni mecanismos complejos. La totalidad de sus piezas est\u00e1n dise\u00f1adas para proporcionar una construcci\u00f3n s\u00f3lida y a la vez sencilla, asegurando un rendimiento insuperable y prolongada vida \u00fatil bajo condiciones clim\u00e1ticas extremas.<\/p>\n\n\t\t<style type=\"text\/css\">\n\t\t\t#gallery-1 {\n\t\t\t\tmargin: auto;\n\t\t\t}\n\t\t\t#gallery-1 .gallery-item {\n\t\t\t\tfloat: left;\n\t\t\t\tmargin-top: 10px;\n\t\t\t\ttext-align: center;\n\t\t\t\twidth: 20%;\n\t\t\t}\n\t\t\t#gallery-1 img {\n\t\t\t\tborder: 2px solid #cfcfcf;\n\t\t\t}\n\t\t\t#gallery-1 .gallery-caption {\n\t\t\t\tmargin-left: 0;\n\t\t\t}\n\t\t\t\/* see gallery_shortcode() in wp-includes\/media.php *\/\n\t\t<\/style>\n\t\t<div id='gallery-1' class='gallery galleryid-33 gallery-columns-5 gallery-size-full'><dl class='gallery-item'>\n\t\t\t<dt class='gallery-icon landscape'>\n\t\t\t\t<a class=\"grouped_elements\" rel=\"tc-fancybox-group\" href=\"http:\/\/famaconsa.com\/molinos\/wp-content\/uploads\/2016\/04\/molino5.jpg\" title=\"molino de viento\"><img loading=\"lazy\" decoding=\"async\" width=\"800\" height=\"800\" src=\"http:\/\/famaconsa.com\/molinos\/wp-content\/uploads\/2016\/04\/molino5.jpg\" class=\"attachment-full size-full\" alt=\"\" srcset=\"http:\/\/famaconsa.com\/molinos\/wp-content\/uploads\/2016\/04\/molino5.jpg 800w, http:\/\/famaconsa.com\/molinos\/wp-content\/uploads\/2016\/04\/molino5-150x150.jpg 150w, http:\/\/famaconsa.com\/molinos\/wp-content\/uploads\/2016\/04\/molino5-300x300.jpg 300w, http:\/\/famaconsa.com\/molinos\/wp-content\/uploads\/2016\/04\/molino5-768x768.jpg 768w\" sizes=\"auto, (max-width: 800px) 100vw, 800px\" \/><\/a>\n\t\t\t<\/dt>\n\t\t\t\t<dd class='wp-caption-text gallery-caption' id='gallery-1-116'>\n\t\t\t\tMolino con Tanque c\u00f3nico \n\t\t\t\t<\/dd><\/dl><dl class='gallery-item'>\n\t\t\t<dt class='gallery-icon landscape'>\n\t\t\t\t<a class=\"grouped_elements\" rel=\"tc-fancybox-group\" href=\"http:\/\/famaconsa.com\/molinos\/wp-content\/uploads\/2016\/04\/molino2.jpg\" title=\"molino de viento\"><img loading=\"lazy\" decoding=\"async\" width=\"800\" height=\"800\" src=\"http:\/\/famaconsa.com\/molinos\/wp-content\/uploads\/2016\/04\/molino2.jpg\" class=\"attachment-full size-full\" alt=\"\" srcset=\"http:\/\/famaconsa.com\/molinos\/wp-content\/uploads\/2016\/04\/molino2.jpg 800w, http:\/\/famaconsa.com\/molinos\/wp-content\/uploads\/2016\/04\/molino2-150x150.jpg 150w, http:\/\/famaconsa.com\/molinos\/wp-content\/uploads\/2016\/04\/molino2-300x300.jpg 300w, http:\/\/famaconsa.com\/molinos\/wp-content\/uploads\/2016\/04\/molino2-768x768.jpg 768w\" sizes=\"auto, (max-width: 800px) 100vw, 800px\" \/><\/a>\n\t\t\t<\/dt>\n\t\t\t\t<dd class='wp-caption-text gallery-caption' id='gallery-1-113'>\n\t\t\t\tMolino con Tanque cil\u00edndrico  \n\t\t\t\t<\/dd><\/dl><dl class='gallery-item'>\n\t\t\t<dt class='gallery-icon landscape'>\n\t\t\t\t<a class=\"grouped_elements\" rel=\"tc-fancybox-group\" href=\"http:\/\/famaconsa.com\/molinos\/wp-content\/uploads\/2021\/05\/IMG-20210527-WA0091.jpg\" title=\"IMG-20210527-WA0091\"><img loading=\"lazy\" decoding=\"async\" width=\"1280\" height=\"960\" src=\"http:\/\/famaconsa.com\/molinos\/wp-content\/uploads\/2021\/05\/IMG-20210527-WA0091.jpg\" class=\"attachment-full size-full\" alt=\"\" srcset=\"http:\/\/famaconsa.com\/molinos\/wp-content\/uploads\/2021\/05\/IMG-20210527-WA0091.jpg 1280w, http:\/\/famaconsa.com\/molinos\/wp-content\/uploads\/2021\/05\/IMG-20210527-WA0091-300x225.jpg 300w, http:\/\/famaconsa.com\/molinos\/wp-content\/uploads\/2021\/05\/IMG-20210527-WA0091-1024x768.jpg 1024w, http:\/\/famaconsa.com\/molinos\/wp-content\/uploads\/2021\/05\/IMG-20210527-WA0091-768x576.jpg 768w\" sizes=\"auto, (max-width: 1280px) 100vw, 1280px\" \/><\/a>\n\t\t\t<\/dt>\n\t\t\t\t<dd class='wp-caption-text gallery-caption' id='gallery-1-1245'>\n\t\t\t\tMolino con tanque\n\t\t\t\t<\/dd><\/dl><dl class='gallery-item'>\n\t\t\t<dt class='gallery-icon landscape'>\n\t\t\t\t<a class=\"grouped_elements\" rel=\"tc-fancybox-group\" href=\"http:\/\/famaconsa.com\/molinos\/wp-content\/uploads\/2016\/04\/molino4.jpg\" title=\"molino de viento\"><img loading=\"lazy\" decoding=\"async\" width=\"800\" height=\"800\" src=\"http:\/\/famaconsa.com\/molinos\/wp-content\/uploads\/2016\/04\/molino4.jpg\" class=\"attachment-full size-full\" alt=\"\" srcset=\"http:\/\/famaconsa.com\/molinos\/wp-content\/uploads\/2016\/04\/molino4.jpg 800w, http:\/\/famaconsa.com\/molinos\/wp-content\/uploads\/2016\/04\/molino4-150x150.jpg 150w, http:\/\/famaconsa.com\/molinos\/wp-content\/uploads\/2016\/04\/molino4-300x300.jpg 300w, http:\/\/famaconsa.com\/molinos\/wp-content\/uploads\/2016\/04\/molino4-768x768.jpg 768w\" sizes=\"auto, (max-width: 800px) 100vw, 800px\" \/><\/a>\n\t\t\t<\/dt>\n\t\t\t\t<dd class='wp-caption-text gallery-caption' id='gallery-1-115'>\n\t\t\t\tMolino con Tanque cil\u00edndrico \n\t\t\t\t<\/dd><\/dl><dl class='gallery-item'>\n\t\t\t<dt class='gallery-icon portrait'>\n\t\t\t\t<a class=\"grouped_elements\" rel=\"tc-fancybox-group\" href=\"http:\/\/famaconsa.com\/molinos\/wp-content\/uploads\/2021\/06\/IMG-20210606-WA0000.jpg\" title=\"IMG-20210606-WA0000\"><img loading=\"lazy\" decoding=\"async\" width=\"960\" height=\"1280\" src=\"http:\/\/famaconsa.com\/molinos\/wp-content\/uploads\/2021\/06\/IMG-20210606-WA0000.jpg\" class=\"attachment-full size-full\" alt=\"\" srcset=\"http:\/\/famaconsa.com\/molinos\/wp-content\/uploads\/2021\/06\/IMG-20210606-WA0000.jpg 960w, http:\/\/famaconsa.com\/molinos\/wp-content\/uploads\/2021\/06\/IMG-20210606-WA0000-225x300.jpg 225w, http:\/\/famaconsa.com\/molinos\/wp-content\/uploads\/2021\/06\/IMG-20210606-WA0000-768x1024.jpg 768w\" sizes=\"auto, (max-width: 960px) 100vw, 960px\" \/><\/a>\n\t\t\t<\/dt><\/dl><br style=\"clear: both\" \/><dl class='gallery-item'>\n\t\t\t<dt class='gallery-icon landscape'>\n\t\t\t\t<a class=\"grouped_elements\" rel=\"tc-fancybox-group\" href=\"http:\/\/famaconsa.com\/molinos\/wp-content\/uploads\/2016\/04\/molino1.jpg\" title=\"molino de viento\"><img loading=\"lazy\" decoding=\"async\" width=\"800\" height=\"800\" src=\"http:\/\/famaconsa.com\/molinos\/wp-content\/uploads\/2016\/04\/molino1.jpg\" class=\"attachment-full size-full\" alt=\"\" srcset=\"http:\/\/famaconsa.com\/molinos\/wp-content\/uploads\/2016\/04\/molino1.jpg 800w, http:\/\/famaconsa.com\/molinos\/wp-content\/uploads\/2016\/04\/molino1-150x150.jpg 150w, http:\/\/famaconsa.com\/molinos\/wp-content\/uploads\/2016\/04\/molino1-300x300.jpg 300w, http:\/\/famaconsa.com\/molinos\/wp-content\/uploads\/2016\/04\/molino1-768x768.jpg 768w\" sizes=\"auto, (max-width: 800px) 100vw, 800px\" \/><\/a>\n\t\t\t<\/dt>\n\t\t\t\t<dd class='wp-caption-text gallery-caption' id='gallery-1-112'>\n\t\t\t\tMolino Huracan\n\t\t\t\t<\/dd><\/dl><dl class='gallery-item'>\n\t\t\t<dt class='gallery-icon portrait'>\n\t\t\t\t<a class=\"grouped_elements\" rel=\"tc-fancybox-group\" href=\"http:\/\/famaconsa.com\/molinos\/wp-content\/uploads\/2021\/05\/IMG-20210527-WA0092.jpg\" title=\"IMG-20210527-WA0092\"><img loading=\"lazy\" decoding=\"async\" width=\"828\" height=\"1104\" src=\"http:\/\/famaconsa.com\/molinos\/wp-content\/uploads\/2021\/05\/IMG-20210527-WA0092.jpg\" class=\"attachment-full size-full\" alt=\"\" srcset=\"http:\/\/famaconsa.com\/molinos\/wp-content\/uploads\/2021\/05\/IMG-20210527-WA0092.jpg 828w, http:\/\/famaconsa.com\/molinos\/wp-content\/uploads\/2021\/05\/IMG-20210527-WA0092-225x300.jpg 225w, http:\/\/famaconsa.com\/molinos\/wp-content\/uploads\/2021\/05\/IMG-20210527-WA0092-768x1024.jpg 768w\" sizes=\"auto, (max-width: 828px) 100vw, 828px\" \/><\/a>\n\t\t\t<\/dt>\n\t\t\t\t<dd class='wp-caption-text gallery-caption' id='gallery-1-1246'>\n\t\t\t\tMolino Huracan\n\t\t\t\t<\/dd><\/dl><dl class='gallery-item'>\n\t\t\t<dt class='gallery-icon landscape'>\n\t\t\t\t<a class=\"grouped_elements\" rel=\"tc-fancybox-group\" href=\"http:\/\/famaconsa.com\/molinos\/wp-content\/uploads\/2016\/04\/molino3.jpg\" title=\"molino de viento\"><img loading=\"lazy\" decoding=\"async\" width=\"800\" height=\"800\" src=\"http:\/\/famaconsa.com\/molinos\/wp-content\/uploads\/2016\/04\/molino3.jpg\" class=\"attachment-full size-full\" alt=\"\" srcset=\"http:\/\/famaconsa.com\/molinos\/wp-content\/uploads\/2016\/04\/molino3.jpg 800w, http:\/\/famaconsa.com\/molinos\/wp-content\/uploads\/2016\/04\/molino3-150x150.jpg 150w, http:\/\/famaconsa.com\/molinos\/wp-content\/uploads\/2016\/04\/molino3-300x300.jpg 300w, http:\/\/famaconsa.com\/molinos\/wp-content\/uploads\/2016\/04\/molino3-768x768.jpg 768w\" sizes=\"auto, (max-width: 800px) 100vw, 800px\" \/><\/a>\n\t\t\t<\/dt>\n\t\t\t\t<dd class='wp-caption-text gallery-caption' id='gallery-1-114'>\n\t\t\t\tMolino con Tanque australiano doble\n\t\t\t\t<\/dd><\/dl>\n\t\t\t<br style='clear: both' \/>\n\t\t<\/div>\n\n<p>La t\u00e9cnica exige que un mecanismo destinado a funcionar sin atenci\u00f3n humana, sea lo m\u00e1s sencillo posible: tales son por consecuencia los principios sobre los cuales se basa la m\u00e1quina del Molino HURACAN.<\/p>\n<p>La rueda, cuyo movimiento de rotaci\u00f3n es originado por el viento, mueve los dos pi\u00f1ones que est\u00e1n solidarios con el mismo eje de la rueda. Los pi\u00f1ones provocan la rotaci\u00f3n de los engranajes a cuyos laterales externos est\u00e1n acoplados dos bielas cuya funci\u00f3n es de transformar el movimiento giratorio de los engranajes de mando en movimiento vertical. Mediante la varilla de bombeo acoplada a la roldana y a la horquilla de gu\u00edas se logra un desplazamiento perfectamente vertical.<\/p>\n<div id=\"attachment_211\" style=\"width: 224px\" class=\"wp-caption alignright\"><img loading=\"lazy\" decoding=\"async\" aria-describedby=\"caption-attachment-211\" class=\"size-medium wp-image-211\" src=\"http:\/\/famaconsa.com\/molinos\/wp-content\/uploads\/2016\/06\/IMG_0397-copia-214x300.jpg\" alt=\"Corte mostrando el sistema de lubricaci\u00f3n de la m\u00e1quina \" width=\"214\" height=\"300\" srcset=\"http:\/\/famaconsa.com\/molinos\/wp-content\/uploads\/2016\/06\/IMG_0397-copia-214x300.jpg 214w, http:\/\/famaconsa.com\/molinos\/wp-content\/uploads\/2016\/06\/IMG_0397-copia-768x1078.jpg 768w, http:\/\/famaconsa.com\/molinos\/wp-content\/uploads\/2016\/06\/IMG_0397-copia-729x1024.jpg 729w, http:\/\/famaconsa.com\/molinos\/wp-content\/uploads\/2016\/06\/IMG_0397-copia.jpg 1784w\" sizes=\"auto, (max-width: 214px) 100vw, 214px\" \/><p id=\"caption-attachment-211\" class=\"wp-caption-text\">Corte mostrando el sistema de lubricaci\u00f3n de la m\u00e1quina<\/p><\/div>\n<h4>Esquema de lubricaci\u00f3n<\/h4>\n<p>Tal como se ilustra en la figura, puede apreciarse el recorrido que realiza el aceite para lubricar el eje principal de la m\u00e1quina: el lubricante, al girar la rueda, es tomado por el eje principal que lo vierte en el alojamiento del ruleman. El excedente de aceite se deposita en el cubo de la maza y lo devuelve al carter a trav\u00e9s del orificio de retorno.<\/p>\n<p>La horquilla de mando tiene un anillo lubricador, que durante el movimiento alternativo distribuye el aceite en todo el mecanismo de movimientos superiores de la m\u00e1quina y sobre la horquilla de gu\u00eda.<\/p>\n<p>En todos los casos se deber\u00e1 usar aceite correspondiente a la norma SAE 30 y de calidad reconocida.<\/p>\n<p>Para lograr un buen funcionamiento del sistema de lubricaci\u00f3n debe ajustarse estrictamente a las cantidades espec\u00edficas, un exceso de aceite es perjudicial, pues existe el riesgo que el lubricante rebalse por el extremo de la maza<\/p>\n<h4>La caja de mecanismo y su protecci\u00f3n<\/h4>\n<p>La m\u00e1quina de nuestros molinos est\u00e1 contenida en un s\u00f3lido carter, cubierta por una chapa galvanizada que pone al mecanismo a resguardo del polvo, el agua y elementos extra\u00f1os que pudieran perjudicar su buen funcionamiento.<\/p>\n<h4><img loading=\"lazy\" decoding=\"async\" class=\"alignright size-medium wp-image-120\" src=\"http:\/\/famaconsa.com\/molinos\/wp-content\/uploads\/2016\/04\/molinos8-300x300.jpg\" alt=\"molinos\" width=\"300\" height=\"300\" srcset=\"http:\/\/famaconsa.com\/molinos\/wp-content\/uploads\/2016\/04\/molinos8-300x300.jpg 300w, http:\/\/famaconsa.com\/molinos\/wp-content\/uploads\/2016\/04\/molinos8-150x150.jpg 150w, http:\/\/famaconsa.com\/molinos\/wp-content\/uploads\/2016\/04\/molinos8-768x768.jpg 768w, http:\/\/famaconsa.com\/molinos\/wp-content\/uploads\/2016\/04\/molinos8.jpg 800w\" sizes=\"auto, (max-width: 300px) 100vw, 300px\" \/>El eje principal<\/h4>\n<p>El eje principal en el que va colocada la rueda de impulsi\u00f3n, es de robusta construcci\u00f3n, hecha en una pieza de acero que gira sobre dos cojinetes a bolillas.<\/p>\n<h4>Los pi\u00f1ones<\/h4>\n<p>Dos pi\u00f1ones realizados en acero de alta calidad, van montados en el eje principal transmitiendo su fuerza a dos engranajes reguladores perfectamente equilibrados, asegur\u00e1ndose as\u00ed un ajustado engranaje con el m\u00ednimo desgaste y sin vibraciones.<\/p>\n<h4>Mecanismo accesible<\/h4>\n<p>Retirando solamente tres bulones del puente puede quitarse todo el mecanismo, facilitando de esta manera cualquier reparaci\u00f3n sin tener la necesidad de bajar la m\u00e1quina.<\/p>\n<h4>Transmisi\u00f3n del movimiento<\/h4>\n<p>Por medio de dos bielas con bujes de material antifricci\u00f3n se transforma el movimiento rotativo de la rueda de impulsi\u00f3n y su eje, en en movimiento rectil\u00edneo vertical y se transmite a la cruceta en cuyo centro est\u00e1 fuertemente fijada la varilla que acciona el pist\u00f3n de la bomba. Con este dispositivo de doble engranaje se obtiene una distribuci\u00f3n perfectamente equilibrada del esfuerzo aplicado sobre la cruceta que acciona la varilla de bombeo. Esta cruceta est\u00e1 provista de una roldana que, mediante una gu\u00eda doble asegura el movimiento sin desviaciones y con un m\u00ednimo desgaste.<\/p>\n<h4>Sistema giratorio<\/h4>\n<p>El sistema giratorio ha sido construido siguiendo el sistema cl\u00e1sico, consistente en una taza con arandela de fricci\u00f3n sobre las cuales se apoya toda la m\u00e1quina quedando protegidas contra el polvo, por su s\u00f3lido reborde en la parte inferior de la caja del mecanismo. Por esto permite que la rueda pueda orientarse f\u00e1cilmente enfrentando al viento ante la brisa m\u00e1s suave o defenderse de las r\u00e1fagas de viento huracanado, pleg\u00e1ndose al mismo tiempo, para volver a su posici\u00f3n normal a medida que la velocidad del viento disminuye, con lo que se regula autom\u00e1ticamente la velocidad de rotaci\u00f3n de la rueda.<\/p>\n<h4>Lubricaci\u00f3n<img loading=\"lazy\" decoding=\"async\" class=\"alignright size-medium wp-image-118\" src=\"http:\/\/famaconsa.com\/molinos\/wp-content\/uploads\/2016\/04\/molinos7-300x300.jpg\" alt=\"molinos\" width=\"300\" height=\"300\" srcset=\"http:\/\/famaconsa.com\/molinos\/wp-content\/uploads\/2016\/04\/molinos7-300x300.jpg 300w, http:\/\/famaconsa.com\/molinos\/wp-content\/uploads\/2016\/04\/molinos7-150x150.jpg 150w, http:\/\/famaconsa.com\/molinos\/wp-content\/uploads\/2016\/04\/molinos7-768x768.jpg 768w, http:\/\/famaconsa.com\/molinos\/wp-content\/uploads\/2016\/04\/molinos7.jpg 800w\" sizes=\"auto, (max-width: 300px) 100vw, 300px\" \/><\/h4>\n<p>A la lubricaci\u00f3n atribuimos una importancia fundamental en la vida \u00fatil de todas las piezas y \u00e9sta se efect\u00faa en dos formas; por ba\u00f1o constante de aceite, que consiste en el llenado de la caja del mecanismo con lubricante hasta un nivel determinado ( 1,5 litros) y por anillo aceitador, que lubrica autom\u00e1ticamente la parte superior del mecanismo.<\/p>\n<h4>Freno<\/h4>\n<p>El freno, de amplia superficie de acci\u00f3n, abarca casi toda la periferia de la maza de la rueda y est\u00e1 provisto de un sistema regulable que permite que la presi\u00f3n se efect\u00fae en forma gradual hasta llegar a inmovilizar completamente la rueda si se desea que \u00e9sta no gire en absoluto estando el molino cerrado.<\/p>\n<h4>La rueda<\/h4>\n<p>En la fabricaci\u00f3n de la rueda hemos tenido presente la importancia del funcionamiento de esta pieza.<br \/>\nUna buena rueda es aqu\u00e9lla que posee un gran poder de captaci\u00f3n de las corrientes de aire y cuyas paletas est\u00e1n construidas y posicionadas de tal forma que la brisa mas suave la ponga en movimiento. El n\u00famero de aspas, su dimensi\u00f3n, su peso y el \u00e1ngulo de ataque son el resultado de un cuidadoso estudio.<\/p>\n<h4 class=\"texto_chico\" align=\"justify\"><img loading=\"lazy\" decoding=\"async\" class=\"alignright size-medium wp-image-119\" src=\"http:\/\/famaconsa.com\/molinos\/wp-content\/uploads\/2016\/04\/molinos6-300x300.jpg\" alt=\"molinos\" width=\"300\" height=\"300\" srcset=\"http:\/\/famaconsa.com\/molinos\/wp-content\/uploads\/2016\/04\/molinos6-300x300.jpg 300w, http:\/\/famaconsa.com\/molinos\/wp-content\/uploads\/2016\/04\/molinos6-150x150.jpg 150w, http:\/\/famaconsa.com\/molinos\/wp-content\/uploads\/2016\/04\/molinos6-768x768.jpg 768w, http:\/\/famaconsa.com\/molinos\/wp-content\/uploads\/2016\/04\/molinos6.jpg 800w\" sizes=\"auto, (max-width: 300px) 100vw, 300px\" \/>Los rayos<\/h4>\n<p class=\"texto_chico\" align=\"justify\">Los rayos de la rueda son de acero de alta resistencia y van atornillados a la maza, de modo que puedan aflojarse; una punta es recta y la otra ligeramente curvada.<\/p>\n<h4 class=\"texto_chico\" align=\"justify\">El tim\u00f3n<\/h4>\n<p class=\"texto_chico\" align=\"justify\">Fuerte y liviano, montado sobre un armaz\u00f3n de acero especial, est\u00e1 provisto de un amortiguador para los golpes bruscos en los cambios de direcci\u00f3n del viento. Todo el mecanismo est\u00e1 calculado para obedecer en cualquier momento a la acci\u00f3n del viento, ya sea para presentar la rueda de frente en condiciones normales, o para plegarse, frenando al mismo tiempo, en casos de rafagas de exesivas velocidad.<\/p>\n<h4 class=\"texto_chico\" align=\"justify\">El cierre<\/h4>\n<p class=\"texto_chico\" align=\"justify\">Est\u00e1 construido por un juego de palancas que acciona sobre un anillo flotante.Este anillo, que debe ser lubricado quitando el correspondiente tap\u00f3n, ejerce su acci\u00f3n sobre dos brazos de contracci\u00f3n que unidos a la m\u00e1quina act\u00faan directamente sobre \u00e9sta y sobre el caballete de la veleta, resultando sumamente liviano.<\/p>\n<p><img loading=\"lazy\" decoding=\"async\" class=\"aligncenter wp-image-310 size-full\" src=\"http:\/\/famaconsa.com\/molinos\/wp-content\/uploads\/2016\/06\/Tabla-de-rendimiento-final-copia3-e1467369317155.jpg\" alt=\"Tabla de rendimiento final copia3\" width=\"2385\" height=\"1430\" srcset=\"http:\/\/famaconsa.com\/molinos\/wp-content\/uploads\/2016\/06\/Tabla-de-rendimiento-final-copia3-e1467369317155.jpg 2385w, http:\/\/famaconsa.com\/molinos\/wp-content\/uploads\/2016\/06\/Tabla-de-rendimiento-final-copia3-e1467369317155-300x180.jpg 300w, http:\/\/famaconsa.com\/molinos\/wp-content\/uploads\/2016\/06\/Tabla-de-rendimiento-final-copia3-e1467369317155-768x460.jpg 768w, http:\/\/famaconsa.com\/molinos\/wp-content\/uploads\/2016\/06\/Tabla-de-rendimiento-final-copia3-e1467369317155-1024x614.jpg 1024w\" sizes=\"auto, (max-width: 2385px) 100vw, 2385px\" \/><a href=\"http:\/\/famaconsa.com\/molinos\/wp-content\/uploads\/2016\/07\/Tabla-de-rendimiento-de-molinos-pa\u0301gina2-.jpg\"><img loading=\"lazy\" decoding=\"async\" class=\"aligncenter wp-image-451 size-full\" src=\"http:\/\/famaconsa.com\/molinos\/wp-content\/uploads\/2016\/07\/Tabla-de-rendimiento-de-molinos-pa\u0301gina2-.jpg\" alt=\"Tabla de rendimiento de molinos 2\" width=\"2120\" height=\"1834\" srcset=\"http:\/\/famaconsa.com\/molinos\/wp-content\/uploads\/2016\/07\/Tabla-de-rendimiento-de-molinos-pa\u0301gina2-.jpg 2120w, http:\/\/famaconsa.com\/molinos\/wp-content\/uploads\/2016\/07\/Tabla-de-rendimiento-de-molinos-pa\u0301gina2--300x260.jpg 300w, http:\/\/famaconsa.com\/molinos\/wp-content\/uploads\/2016\/07\/Tabla-de-rendimiento-de-molinos-pa\u0301gina2--768x664.jpg 768w, http:\/\/famaconsa.com\/molinos\/wp-content\/uploads\/2016\/07\/Tabla-de-rendimiento-de-molinos-pa\u0301gina2--1024x886.jpg 1024w\" sizes=\"auto, (max-width: 2120px) 100vw, 2120px\" \/><\/a><\/p>\n<hr \/>\n<h2><em><strong><a href=\"http:\/\/famaconsa.com\/molinos\/molinos-hercules\/\" target=\"_blank\" rel=\"noopener noreferrer\"><br \/>\nMolinos HERCULES 75 y 90<\/a><\/strong><\/em><\/h2>\n<hr \/>\n","protected":false},"excerpt":{"rendered":"<p>En los molinos a viento HURACAN no hay partes ni mecanismos complejos. La totalidad de sus piezas est\u00e1n dise\u00f1adas para proporcionar una construcci\u00f3n s\u00f3lida y a la vez sencilla, asegurando un rendimiento insuperable y prolongada vida \u00fatil bajo condiciones clim\u00e1ticas extremas. La t\u00e9cnica exige que un mecanismo destinado a funcionar sin atenci\u00f3n humana, sea lo [&hellip;]<\/p>\n","protected":false},"author":2,"featured_media":116,"parent":0,"menu_order":0,"comment_status":"closed","ping_status":"closed","template":"","meta":{"footnotes":""},"class_list":["post-33","page","type-page","status-publish","has-post-thumbnail","czr-hentry"],"_links":{"self":[{"href":"http:\/\/famaconsa.com\/molinos\/wp-json\/wp\/v2\/pages\/33","targetHints":{"allow":["GET"]}}],"collection":[{"href":"http:\/\/famaconsa.com\/molinos\/wp-json\/wp\/v2\/pages"}],"about":[{"href":"http:\/\/famaconsa.com\/molinos\/wp-json\/wp\/v2\/types\/page"}],"author":[{"embeddable":true,"href":"http:\/\/famaconsa.com\/molinos\/wp-json\/wp\/v2\/users\/2"}],"replies":[{"embeddable":true,"href":"http:\/\/famaconsa.com\/molinos\/wp-json\/wp\/v2\/comments?post=33"}],"version-history":[{"count":21,"href":"http:\/\/famaconsa.com\/molinos\/wp-json\/wp\/v2\/pages\/33\/revisions"}],"predecessor-version":[{"id":1260,"href":"http:\/\/famaconsa.com\/molinos\/wp-json\/wp\/v2\/pages\/33\/revisions\/1260"}],"wp:featuredmedia":[{"embeddable":true,"href":"http:\/\/famaconsa.com\/molinos\/wp-json\/wp\/v2\/media\/116"}],"wp:attachment":[{"href":"http:\/\/famaconsa.com\/molinos\/wp-json\/wp\/v2\/media?parent=33"}],"curies":[{"name":"wp","href":"https:\/\/api.w.org\/{rel}","templated":true}]}}