{"id":222,"date":"2016-06-13T11:22:30","date_gmt":"2016-06-13T11:22:30","guid":{"rendered":"http:\/\/famaconsa.com\/molinos\/?page_id=222"},"modified":"2021-05-31T20:24:28","modified_gmt":"2021-05-31T20:24:28","slug":"tubos-alcantarillas","status":"publish","type":"page","link":"http:\/\/famaconsa.com\/molinos\/tubos-alcantarillas\/","title":{"rendered":"Tubos Alcantarillas"},"content":{"rendered":"<p>Las <b>alcantarillas met\u00e1licas<\/b> est\u00e1n elaboradas en l\u00e1mina de acero (l\u00e1mina de acero corrugada) y tienen un acabado galvanizado que se obtiene por el proceso de inmersi\u00f3n en caliente.<\/p>\n<h4>Usos de las Alcantarillas Met\u00e1licas<\/h4>\n<p>Nuestras <b>Alcantarillas Met\u00e1licas<\/b> se usan principalmente para evacuar aguas pluviales en zonas rurales, carreteras, autopistas, etc. Por lo cual contamos con diferentes tipos de alcantarillas met\u00e1licas seg\u00fan la necesidad que se presente.<br \/>\nLas <b>alcantarillas de acero corrugado<\/b> galvanizado ofrecen una excelente soluci\u00f3n a los problemas de drenaje y aguas superficiales en carreteras, v\u00edas f\u00e9rreas y aeropuertos.<\/p>\n<h4>Caracter\u00edsticas<\/h4>\n<p>Los tubos alcantarillas est\u00e1n construidos \u00a0en chapa galvanizada acanalada N\u00b016 y N\u00b018<\/p>\n<h4>Beneficios<\/h4>\n<p>Siendo construidos en chapa galvanizada acanalada no necesitan la uni\u00f3n de bulones entre s\u00ed, pudiendo conformar el largo que se adecue a sus necesidades<\/p>\n<p><img loading=\"lazy\" decoding=\"async\" class=\"aligncenter size-full wp-image-352\" src=\"http:\/\/famaconsa.com\/molinos\/wp-content\/uploads\/2016\/06\/tubos.jpg\" alt=\"tubos copia\" width=\"3947\" height=\"811\" srcset=\"http:\/\/famaconsa.com\/molinos\/wp-content\/uploads\/2016\/06\/tubos.jpg 3947w, http:\/\/famaconsa.com\/molinos\/wp-content\/uploads\/2016\/06\/tubos-300x62.jpg 300w, http:\/\/famaconsa.com\/molinos\/wp-content\/uploads\/2016\/06\/tubos-768x158.jpg 768w, http:\/\/famaconsa.com\/molinos\/wp-content\/uploads\/2016\/06\/tubos-1024x210.jpg 1024w\" sizes=\"auto, (max-width: 3947px) 100vw, 3947px\" \/><\/p>\n<h2><em><strong>Haga click en la imagen para ampliar.<\/strong><\/em><\/h2>\n\n\t\t<style type=\"text\/css\">\n\t\t\t#gallery-1 {\n\t\t\t\tmargin: auto;\n\t\t\t}\n\t\t\t#gallery-1 .gallery-item {\n\t\t\t\tfloat: left;\n\t\t\t\tmargin-top: 10px;\n\t\t\t\ttext-align: center;\n\t\t\t\twidth: 33%;\n\t\t\t}\n\t\t\t#gallery-1 img {\n\t\t\t\tborder: 2px solid #cfcfcf;\n\t\t\t}\n\t\t\t#gallery-1 .gallery-caption {\n\t\t\t\tmargin-left: 0;\n\t\t\t}\n\t\t\t\/* see gallery_shortcode() in wp-includes\/media.php *\/\n\t\t<\/style>\n\t\t<div id='gallery-1' class='gallery galleryid-222 gallery-columns-3 gallery-size-full'><dl class='gallery-item'>\n\t\t\t<dt class='gallery-icon landscape'>\n\t\t\t\t<a class=\"grouped_elements\" rel=\"tc-fancybox-group\" href=\"http:\/\/famaconsa.com\/molinos\/wp-content\/uploads\/2016\/06\/alcantarilla1.jpg\" title=\"alcantarilla1\"><img loading=\"lazy\" decoding=\"async\" width=\"6016\" height=\"4016\" src=\"http:\/\/famaconsa.com\/molinos\/wp-content\/uploads\/2016\/06\/alcantarilla1.jpg\" class=\"attachment-full size-full\" alt=\"\" srcset=\"http:\/\/famaconsa.com\/molinos\/wp-content\/uploads\/2016\/06\/alcantarilla1.jpg 6016w, http:\/\/famaconsa.com\/molinos\/wp-content\/uploads\/2016\/06\/alcantarilla1-300x200.jpg 300w, http:\/\/famaconsa.com\/molinos\/wp-content\/uploads\/2016\/06\/alcantarilla1-768x513.jpg 768w, http:\/\/famaconsa.com\/molinos\/wp-content\/uploads\/2016\/06\/alcantarilla1-1024x684.jpg 1024w\" sizes=\"auto, (max-width: 6016px) 100vw, 6016px\" \/><\/a>\n\t\t\t<\/dt>\n\t\t\t\t<dd class='wp-caption-text gallery-caption' id='gallery-1-241'>\n\t\t\t\tTubo alcantarilla\n\t\t\t\t<\/dd><\/dl><dl class='gallery-item'>\n\t\t\t<dt class='gallery-icon landscape'>\n\t\t\t\t<a class=\"grouped_elements\" rel=\"tc-fancybox-group\" href=\"http:\/\/famaconsa.com\/molinos\/wp-content\/uploads\/2016\/06\/alcantarilla.jpg\" title=\"alcantarilla\"><img loading=\"lazy\" decoding=\"async\" width=\"6016\" height=\"4016\" src=\"http:\/\/famaconsa.com\/molinos\/wp-content\/uploads\/2016\/06\/alcantarilla.jpg\" class=\"attachment-full size-full\" alt=\"\" srcset=\"http:\/\/famaconsa.com\/molinos\/wp-content\/uploads\/2016\/06\/alcantarilla.jpg 6016w, http:\/\/famaconsa.com\/molinos\/wp-content\/uploads\/2016\/06\/alcantarilla-300x200.jpg 300w, http:\/\/famaconsa.com\/molinos\/wp-content\/uploads\/2016\/06\/alcantarilla-768x513.jpg 768w, http:\/\/famaconsa.com\/molinos\/wp-content\/uploads\/2016\/06\/alcantarilla-1024x684.jpg 1024w\" sizes=\"auto, (max-width: 6016px) 100vw, 6016px\" \/><\/a>\n\t\t\t<\/dt>\n\t\t\t\t<dd class='wp-caption-text gallery-caption' id='gallery-1-223'>\n\t\t\t\tTubo alcantarilla\n\t\t\t\t<\/dd><\/dl><dl class='gallery-item'>\n\t\t\t<dt class='gallery-icon landscape'>\n\t\t\t\t<a class=\"grouped_elements\" rel=\"tc-fancybox-group\" href=\"http:\/\/famaconsa.com\/molinos\/wp-content\/uploads\/2016\/06\/Famacon-6.jpg\" title=\"Famacon-6\"><img loading=\"lazy\" decoding=\"async\" width=\"6000\" height=\"4000\" src=\"http:\/\/famaconsa.com\/molinos\/wp-content\/uploads\/2016\/06\/Famacon-6.jpg\" class=\"attachment-full size-full\" alt=\"\" srcset=\"http:\/\/famaconsa.com\/molinos\/wp-content\/uploads\/2016\/06\/Famacon-6.jpg 6000w, http:\/\/famaconsa.com\/molinos\/wp-content\/uploads\/2016\/06\/Famacon-6-300x200.jpg 300w, http:\/\/famaconsa.com\/molinos\/wp-content\/uploads\/2016\/06\/Famacon-6-768x512.jpg 768w, http:\/\/famaconsa.com\/molinos\/wp-content\/uploads\/2016\/06\/Famacon-6-1024x683.jpg 1024w\" sizes=\"auto, (max-width: 6000px) 100vw, 6000px\" \/><\/a>\n\t\t\t<\/dt>\n\t\t\t\t<dd class='wp-caption-text gallery-caption' id='gallery-1-348'>\n\t\t\t\tTubo alcantarilla\n\t\t\t\t<\/dd><\/dl><br style=\"clear: both\" \/><dl class='gallery-item'>\n\t\t\t<dt class='gallery-icon landscape'>\n\t\t\t\t<a class=\"grouped_elements\" rel=\"tc-fancybox-group\" href=\"http:\/\/famaconsa.com\/molinos\/wp-content\/uploads\/2016\/06\/Famacon-5.jpg\" title=\"Famacon-5\"><img loading=\"lazy\" decoding=\"async\" width=\"6000\" height=\"3222\" src=\"http:\/\/famaconsa.com\/molinos\/wp-content\/uploads\/2016\/06\/Famacon-5.jpg\" class=\"attachment-full size-full\" alt=\"\" srcset=\"http:\/\/famaconsa.com\/molinos\/wp-content\/uploads\/2016\/06\/Famacon-5.jpg 6000w, http:\/\/famaconsa.com\/molinos\/wp-content\/uploads\/2016\/06\/Famacon-5-300x161.jpg 300w, http:\/\/famaconsa.com\/molinos\/wp-content\/uploads\/2016\/06\/Famacon-5-768x412.jpg 768w, http:\/\/famaconsa.com\/molinos\/wp-content\/uploads\/2016\/06\/Famacon-5-1024x550.jpg 1024w\" sizes=\"auto, (max-width: 6000px) 100vw, 6000px\" \/><\/a>\n\t\t\t<\/dt>\n\t\t\t\t<dd class='wp-caption-text gallery-caption' id='gallery-1-347'>\n\t\t\t\tTubo alcantarilla\n\t\t\t\t<\/dd><\/dl><dl class='gallery-item'>\n\t\t\t<dt class='gallery-icon landscape'>\n\t\t\t\t<a class=\"grouped_elements\" rel=\"tc-fancybox-group\" href=\"http:\/\/famaconsa.com\/molinos\/wp-content\/uploads\/2021\/05\/7BA21B43-B420-4B89-B2C4-3E7A7986549D-scaled.jpg\" title=\"7BA21B43-B420-4B89-B2C4-3E7A7986549D\"><img loading=\"lazy\" decoding=\"async\" width=\"2560\" height=\"1440\" src=\"http:\/\/famaconsa.com\/molinos\/wp-content\/uploads\/2021\/05\/7BA21B43-B420-4B89-B2C4-3E7A7986549D-scaled.jpg\" class=\"attachment-full size-full\" alt=\"\" srcset=\"http:\/\/famaconsa.com\/molinos\/wp-content\/uploads\/2021\/05\/7BA21B43-B420-4B89-B2C4-3E7A7986549D-scaled.jpg 2560w, http:\/\/famaconsa.com\/molinos\/wp-content\/uploads\/2021\/05\/7BA21B43-B420-4B89-B2C4-3E7A7986549D-300x169.jpg 300w, http:\/\/famaconsa.com\/molinos\/wp-content\/uploads\/2021\/05\/7BA21B43-B420-4B89-B2C4-3E7A7986549D-1024x576.jpg 1024w, http:\/\/famaconsa.com\/molinos\/wp-content\/uploads\/2021\/05\/7BA21B43-B420-4B89-B2C4-3E7A7986549D-768x432.jpg 768w, http:\/\/famaconsa.com\/molinos\/wp-content\/uploads\/2021\/05\/7BA21B43-B420-4B89-B2C4-3E7A7986549D-1536x864.jpg 1536w, http:\/\/famaconsa.com\/molinos\/wp-content\/uploads\/2021\/05\/7BA21B43-B420-4B89-B2C4-3E7A7986549D-2048x1152.jpg 2048w\" sizes=\"auto, (max-width: 2560px) 100vw, 2560px\" \/><\/a>\n\t\t\t<\/dt>\n\t\t\t\t<dd class='wp-caption-text gallery-caption' id='gallery-1-1229'>\n\t\t\t\tTubo alcantarilla\n\t\t\t\t<\/dd><\/dl><dl class='gallery-item'>\n\t\t\t<dt class='gallery-icon portrait'>\n\t\t\t\t<a class=\"grouped_elements\" rel=\"tc-fancybox-group\" href=\"http:\/\/famaconsa.com\/molinos\/wp-content\/uploads\/2021\/05\/IMG_4780-scaled.jpg\" title=\"IMG_4780\"><img loading=\"lazy\" decoding=\"async\" width=\"1920\" height=\"2560\" src=\"http:\/\/famaconsa.com\/molinos\/wp-content\/uploads\/2021\/05\/IMG_4780-scaled.jpg\" class=\"attachment-full size-full\" alt=\"\" srcset=\"http:\/\/famaconsa.com\/molinos\/wp-content\/uploads\/2021\/05\/IMG_4780-scaled.jpg 1920w, http:\/\/famaconsa.com\/molinos\/wp-content\/uploads\/2021\/05\/IMG_4780-225x300.jpg 225w, http:\/\/famaconsa.com\/molinos\/wp-content\/uploads\/2021\/05\/IMG_4780-768x1024.jpg 768w, http:\/\/famaconsa.com\/molinos\/wp-content\/uploads\/2021\/05\/IMG_4780-1152x1536.jpg 1152w, http:\/\/famaconsa.com\/molinos\/wp-content\/uploads\/2021\/05\/IMG_4780-1536x2048.jpg 1536w\" sizes=\"auto, (max-width: 1920px) 100vw, 1920px\" \/><\/a>\n\t\t\t<\/dt>\n\t\t\t\t<dd class='wp-caption-text gallery-caption' id='gallery-1-1228'>\n\t\t\t\tTubo alcantarilla\n\t\t\t\t<\/dd><\/dl><br style=\"clear: both\" \/><dl class='gallery-item'>\n\t\t\t<dt class='gallery-icon landscape'>\n\t\t\t\t<a class=\"grouped_elements\" rel=\"tc-fancybox-group\" href=\"http:\/\/famaconsa.com\/molinos\/wp-content\/uploads\/2021\/05\/35823EE5-BFE0-4F26-939B-501F3298CA8B-scaled.jpg\" title=\"35823EE5-BFE0-4F26-939B-501F3298CA8B\"><img loading=\"lazy\" decoding=\"async\" width=\"2560\" height=\"1440\" src=\"http:\/\/famaconsa.com\/molinos\/wp-content\/uploads\/2021\/05\/35823EE5-BFE0-4F26-939B-501F3298CA8B-scaled.jpg\" class=\"attachment-full size-full\" alt=\"\" srcset=\"http:\/\/famaconsa.com\/molinos\/wp-content\/uploads\/2021\/05\/35823EE5-BFE0-4F26-939B-501F3298CA8B-scaled.jpg 2560w, http:\/\/famaconsa.com\/molinos\/wp-content\/uploads\/2021\/05\/35823EE5-BFE0-4F26-939B-501F3298CA8B-300x169.jpg 300w, http:\/\/famaconsa.com\/molinos\/wp-content\/uploads\/2021\/05\/35823EE5-BFE0-4F26-939B-501F3298CA8B-1024x576.jpg 1024w, http:\/\/famaconsa.com\/molinos\/wp-content\/uploads\/2021\/05\/35823EE5-BFE0-4F26-939B-501F3298CA8B-768x432.jpg 768w, http:\/\/famaconsa.com\/molinos\/wp-content\/uploads\/2021\/05\/35823EE5-BFE0-4F26-939B-501F3298CA8B-1536x864.jpg 1536w, http:\/\/famaconsa.com\/molinos\/wp-content\/uploads\/2021\/05\/35823EE5-BFE0-4F26-939B-501F3298CA8B-2048x1152.jpg 2048w\" sizes=\"auto, (max-width: 2560px) 100vw, 2560px\" \/><\/a>\n\t\t\t<\/dt>\n\t\t\t\t<dd class='wp-caption-text gallery-caption' id='gallery-1-1227'>\n\t\t\t\tTubo alcantarilla\n\t\t\t\t<\/dd><\/dl><dl class='gallery-item'>\n\t\t\t<dt class='gallery-icon landscape'>\n\t\t\t\t<a class=\"grouped_elements\" rel=\"tc-fancybox-group\" href=\"http:\/\/famaconsa.com\/molinos\/wp-content\/uploads\/2021\/05\/04087FC2-CA1C-4D7B-8545-981D2CBA0995-2-scaled.jpg\" title=\"04087FC2-CA1C-4D7B-8545-981D2CBA0995-2\"><img loading=\"lazy\" decoding=\"async\" width=\"2560\" height=\"1440\" src=\"http:\/\/famaconsa.com\/molinos\/wp-content\/uploads\/2021\/05\/04087FC2-CA1C-4D7B-8545-981D2CBA0995-2-scaled.jpg\" class=\"attachment-full size-full\" alt=\"\" srcset=\"http:\/\/famaconsa.com\/molinos\/wp-content\/uploads\/2021\/05\/04087FC2-CA1C-4D7B-8545-981D2CBA0995-2-scaled.jpg 2560w, http:\/\/famaconsa.com\/molinos\/wp-content\/uploads\/2021\/05\/04087FC2-CA1C-4D7B-8545-981D2CBA0995-2-300x169.jpg 300w, http:\/\/famaconsa.com\/molinos\/wp-content\/uploads\/2021\/05\/04087FC2-CA1C-4D7B-8545-981D2CBA0995-2-1024x576.jpg 1024w, http:\/\/famaconsa.com\/molinos\/wp-content\/uploads\/2021\/05\/04087FC2-CA1C-4D7B-8545-981D2CBA0995-2-768x432.jpg 768w, http:\/\/famaconsa.com\/molinos\/wp-content\/uploads\/2021\/05\/04087FC2-CA1C-4D7B-8545-981D2CBA0995-2-1536x864.jpg 1536w, http:\/\/famaconsa.com\/molinos\/wp-content\/uploads\/2021\/05\/04087FC2-CA1C-4D7B-8545-981D2CBA0995-2-2048x1152.jpg 2048w\" sizes=\"auto, (max-width: 2560px) 100vw, 2560px\" \/><\/a>\n\t\t\t<\/dt>\n\t\t\t\t<dd class='wp-caption-text gallery-caption' id='gallery-1-1226'>\n\t\t\t\tTubo alcantarilla\n\t\t\t\t<\/dd><\/dl><dl class='gallery-item'>\n\t\t\t<dt class='gallery-icon landscape'>\n\t\t\t\t<a class=\"grouped_elements\" rel=\"tc-fancybox-group\" href=\"http:\/\/famaconsa.com\/molinos\/wp-content\/uploads\/2021\/05\/9E8A6711-4FC4-4610-A6A7-675E67204663-scaled.jpg\" title=\"9E8A6711-4FC4-4610-A6A7-675E67204663\"><img loading=\"lazy\" decoding=\"async\" width=\"2560\" height=\"1440\" src=\"http:\/\/famaconsa.com\/molinos\/wp-content\/uploads\/2021\/05\/9E8A6711-4FC4-4610-A6A7-675E67204663-scaled.jpg\" class=\"attachment-full size-full\" alt=\"\" srcset=\"http:\/\/famaconsa.com\/molinos\/wp-content\/uploads\/2021\/05\/9E8A6711-4FC4-4610-A6A7-675E67204663-scaled.jpg 2560w, http:\/\/famaconsa.com\/molinos\/wp-content\/uploads\/2021\/05\/9E8A6711-4FC4-4610-A6A7-675E67204663-300x169.jpg 300w, http:\/\/famaconsa.com\/molinos\/wp-content\/uploads\/2021\/05\/9E8A6711-4FC4-4610-A6A7-675E67204663-1024x576.jpg 1024w, http:\/\/famaconsa.com\/molinos\/wp-content\/uploads\/2021\/05\/9E8A6711-4FC4-4610-A6A7-675E67204663-768x432.jpg 768w, http:\/\/famaconsa.com\/molinos\/wp-content\/uploads\/2021\/05\/9E8A6711-4FC4-4610-A6A7-675E67204663-1536x864.jpg 1536w, http:\/\/famaconsa.com\/molinos\/wp-content\/uploads\/2021\/05\/9E8A6711-4FC4-4610-A6A7-675E67204663-2048x1152.jpg 2048w\" sizes=\"auto, (max-width: 2560px) 100vw, 2560px\" \/><\/a>\n\t\t\t<\/dt>\n\t\t\t\t<dd class='wp-caption-text gallery-caption' id='gallery-1-1225'>\n\t\t\t\tTubos alcantarilla\n\t\t\t\t<\/dd><\/dl><br style=\"clear: both\" \/>\n\t\t<\/div>\n\n","protected":false},"excerpt":{"rendered":"<p>Las alcantarillas met\u00e1licas est\u00e1n elaboradas en l\u00e1mina de acero (l\u00e1mina de acero corrugada) y tienen un acabado galvanizado que se obtiene por el proceso de inmersi\u00f3n en caliente. Usos de las Alcantarillas Met\u00e1licas Nuestras Alcantarillas Met\u00e1licas se usan principalmente para evacuar aguas pluviales en zonas rurales, carreteras, autopistas, etc. Por lo cual contamos con diferentes [&hellip;]<\/p>\n","protected":false},"author":3,"featured_media":0,"parent":0,"menu_order":0,"comment_status":"closed","ping_status":"closed","template":"","meta":{"footnotes":""},"class_list":["post-222","page","type-page","status-publish","czr-hentry"],"_links":{"self":[{"href":"http:\/\/famaconsa.com\/molinos\/wp-json\/wp\/v2\/pages\/222","targetHints":{"allow":["GET"]}}],"collection":[{"href":"http:\/\/famaconsa.com\/molinos\/wp-json\/wp\/v2\/pages"}],"about":[{"href":"http:\/\/famaconsa.com\/molinos\/wp-json\/wp\/v2\/types\/page"}],"author":[{"embeddable":true,"href":"http:\/\/famaconsa.com\/molinos\/wp-json\/wp\/v2\/users\/3"}],"replies":[{"embeddable":true,"href":"http:\/\/famaconsa.com\/molinos\/wp-json\/wp\/v2\/comments?post=222"}],"version-history":[{"count":8,"href":"http:\/\/famaconsa.com\/molinos\/wp-json\/wp\/v2\/pages\/222\/revisions"}],"predecessor-version":[{"id":1251,"href":"http:\/\/famaconsa.com\/molinos\/wp-json\/wp\/v2\/pages\/222\/revisions\/1251"}],"wp:attachment":[{"href":"http:\/\/famaconsa.com\/molinos\/wp-json\/wp\/v2\/media?parent=222"}],"curies":[{"name":"wp","href":"https:\/\/api.w.org\/{rel}","templated":true}]}}