{"id":215,"date":"2016-06-10T11:51:08","date_gmt":"2016-06-10T11:51:08","guid":{"rendered":"http:\/\/famaconsa.com\/molinos\/?page_id=215"},"modified":"2016-07-01T10:52:32","modified_gmt":"2016-07-01T10:52:32","slug":"silos-comederos","status":"publish","type":"page","link":"http:\/\/famaconsa.com\/molinos\/silos-comederos\/","title":{"rendered":"Silos Comederos"},"content":{"rendered":"<p>Los silos comederos tienen una capacidad de 4 y 8 toneladas para almacenamiento de cualquier tipo de grano.<\/p>\n<h4>Caracter\u00edsticas<\/h4>\n<p>Est\u00e1n construidos en chapa galvanizada totalmente abulonados, apoyados sobre estructura de hierro perfil \u00e1ngulo y base tipo M pat\u00edn para su f\u00e1cil traslado.Se entregan armados o desarmados.<\/p>\n<p>Todos los Silos comederos son entregados con escalera y batea de alimentos.<\/p>\n<h2><em><strong>Haga click en la imagen para ampliar.<\/strong><\/em><\/h2>\n\n\t\t<style type=\"text\/css\">\n\t\t\t#gallery-1 {\n\t\t\t\tmargin: auto;\n\t\t\t}\n\t\t\t#gallery-1 .gallery-item {\n\t\t\t\tfloat: left;\n\t\t\t\tmargin-top: 10px;\n\t\t\t\ttext-align: center;\n\t\t\t\twidth: 33%;\n\t\t\t}\n\t\t\t#gallery-1 img {\n\t\t\t\tborder: 2px solid #cfcfcf;\n\t\t\t}\n\t\t\t#gallery-1 .gallery-caption {\n\t\t\t\tmargin-left: 0;\n\t\t\t}\n\t\t\t\/* see gallery_shortcode() in wp-includes\/media.php *\/\n\t\t<\/style>\n\t\t<div id='gallery-1' class='gallery galleryid-215 gallery-columns-3 gallery-size-full'><dl class='gallery-item'>\n\t\t\t<dt class='gallery-icon landscape'>\n\t\t\t\t<a class=\"grouped_elements\" rel=\"tc-fancybox-group\" href=\"http:\/\/famaconsa.com\/molinos\/wp-content\/uploads\/2016\/06\/silo-video.jpg\" title=\"silo video\"><img loading=\"lazy\" decoding=\"async\" width=\"3307\" height=\"1978\" src=\"http:\/\/famaconsa.com\/molinos\/wp-content\/uploads\/2016\/06\/silo-video.jpg\" class=\"attachment-full size-full\" alt=\"\" srcset=\"http:\/\/famaconsa.com\/molinos\/wp-content\/uploads\/2016\/06\/silo-video.jpg 3307w, http:\/\/famaconsa.com\/molinos\/wp-content\/uploads\/2016\/06\/silo-video-300x179.jpg 300w, http:\/\/famaconsa.com\/molinos\/wp-content\/uploads\/2016\/06\/silo-video-768x459.jpg 768w, http:\/\/famaconsa.com\/molinos\/wp-content\/uploads\/2016\/06\/silo-video-1024x612.jpg 1024w\" sizes=\"auto, (max-width: 3307px) 100vw, 3307px\" \/><\/a>\n\t\t\t<\/dt>\n\t\t\t\t<dd class='wp-caption-text gallery-caption' id='gallery-1-192'>\n\t\t\t\tSilo comedero 4 Tn.\n\t\t\t\t<\/dd><\/dl><dl class='gallery-item'>\n\t\t\t<dt class='gallery-icon landscape'>\n\t\t\t\t<a class=\"grouped_elements\" rel=\"tc-fancybox-group\" href=\"http:\/\/famaconsa.com\/molinos\/wp-content\/uploads\/2016\/06\/silo4tn2.jpg\" title=\"silo4tn2\"><img loading=\"lazy\" decoding=\"async\" width=\"6016\" height=\"4016\" src=\"http:\/\/famaconsa.com\/molinos\/wp-content\/uploads\/2016\/06\/silo4tn2.jpg\" class=\"attachment-full size-full\" alt=\"\" srcset=\"http:\/\/famaconsa.com\/molinos\/wp-content\/uploads\/2016\/06\/silo4tn2.jpg 6016w, http:\/\/famaconsa.com\/molinos\/wp-content\/uploads\/2016\/06\/silo4tn2-300x200.jpg 300w, http:\/\/famaconsa.com\/molinos\/wp-content\/uploads\/2016\/06\/silo4tn2-768x513.jpg 768w, http:\/\/famaconsa.com\/molinos\/wp-content\/uploads\/2016\/06\/silo4tn2-1024x684.jpg 1024w\" sizes=\"auto, (max-width: 6016px) 100vw, 6016px\" \/><\/a>\n\t\t\t<\/dt>\n\t\t\t\t<dd class='wp-caption-text gallery-caption' id='gallery-1-169'>\n\t\t\t\tSilo comedero 8 Tn.\n\t\t\t\t<\/dd><\/dl>\n\t\t\t<br style='clear: both' \/>\n\t\t<\/div>\n\n<h2><em><strong><a href=\"http:\/\/famaconsa.com\/molinos\/comederos\/\" target=\"_blank\">Comederos<\/a><\/strong><\/em><\/h2>\n","protected":false},"excerpt":{"rendered":"<p>Los silos comederos tienen una capacidad de 4 y 8 toneladas para almacenamiento de cualquier tipo de grano. Caracter\u00edsticas Est\u00e1n construidos en chapa galvanizada totalmente abulonados, apoyados sobre estructura de hierro perfil \u00e1ngulo y base tipo M pat\u00edn para su f\u00e1cil traslado.Se entregan armados o desarmados. Todos los Silos comederos son entregados con escalera y [&hellip;]<\/p>\n","protected":false},"author":3,"featured_media":0,"parent":0,"menu_order":0,"comment_status":"closed","ping_status":"closed","template":"","meta":{"footnotes":""},"class_list":["post-215","page","type-page","status-publish","czr-hentry"],"_links":{"self":[{"href":"http:\/\/famaconsa.com\/molinos\/wp-json\/wp\/v2\/pages\/215","targetHints":{"allow":["GET"]}}],"collection":[{"href":"http:\/\/famaconsa.com\/molinos\/wp-json\/wp\/v2\/pages"}],"about":[{"href":"http:\/\/famaconsa.com\/molinos\/wp-json\/wp\/v2\/types\/page"}],"author":[{"embeddable":true,"href":"http:\/\/famaconsa.com\/molinos\/wp-json\/wp\/v2\/users\/3"}],"replies":[{"embeddable":true,"href":"http:\/\/famaconsa.com\/molinos\/wp-json\/wp\/v2\/comments?post=215"}],"version-history":[{"count":5,"href":"http:\/\/famaconsa.com\/molinos\/wp-json\/wp\/v2\/pages\/215\/revisions"}],"predecessor-version":[{"id":460,"href":"http:\/\/famaconsa.com\/molinos\/wp-json\/wp\/v2\/pages\/215\/revisions\/460"}],"wp:attachment":[{"href":"http:\/\/famaconsa.com\/molinos\/wp-json\/wp\/v2\/media?parent=215"}],"curies":[{"name":"wp","href":"https:\/\/api.w.org\/{rel}","templated":true}]}}