{"id":206,"date":"2016-06-10T11:22:04","date_gmt":"2016-06-10T11:22:04","guid":{"rendered":"http:\/\/famaconsa.com\/molinos\/?page_id=206"},"modified":"2016-07-01T10:48:34","modified_gmt":"2016-07-01T10:48:34","slug":"molinos-hercules","status":"publish","type":"page","link":"http:\/\/famaconsa.com\/molinos\/molinos-hercules\/","title":{"rendered":"Molinos HERCULES 75 y 90"},"content":{"rendered":"<h4><strong>Molinos HERCULES modelo 75 y 90<img loading=\"lazy\" decoding=\"async\" class=\"alignright size-medium wp-image-156\" src=\"http:\/\/famaconsa.com\/molinos\/wp-content\/uploads\/2016\/06\/art-12-Hercules-200x300.jpg\" alt=\"--art 12 Hercules\" width=\"200\" height=\"300\" srcset=\"http:\/\/famaconsa.com\/molinos\/wp-content\/uploads\/2016\/06\/art-12-Hercules-200x300.jpg 200w, http:\/\/famaconsa.com\/molinos\/wp-content\/uploads\/2016\/06\/art-12-Hercules-768x1150.jpg 768w, http:\/\/famaconsa.com\/molinos\/wp-content\/uploads\/2016\/06\/art-12-Hercules-684x1024.jpg 684w\" sizes=\"auto, (max-width: 200px) 100vw, 200px\" \/><\/strong><\/h4>\n<p>La tecnolog\u00eda que se emplea en la fabricaci\u00f3n de toda nuestra l\u00ednea de productos es de \u00faltima generaci\u00f3n. Se utilizan ordenadores CAD para el dise\u00f1o y la optimizaci\u00f3n de piezas y materiales, tornos de control num\u00e9rico, cortadoras y dobladoras de chapa autom\u00e1ticas, remachadoras de precisi\u00f3n. Gracias a la utilizaci\u00f3n de esta tecnolog\u00eda implementada y la constante capacitaci\u00f3n de nuestros t\u00e9cnicos, m\u00e1s de 10 pa\u00edses en todo el mundo utilizan nuestros productos obteniendo \u00f3ptimos resultados.<\/p>\n<p class=\"texto_chico\" align=\"justify\"><strong>El eje principal<\/strong><br \/>\nEl eje principal en el que va colocada la rueda de impulsi\u00f3n, es de robusta construcci\u00f3n, hecha en una pieza de acero que gira sobre dos bujes de bronce.<\/p>\n<p class=\"texto_chico\" align=\"justify\"><strong>Transmisi\u00f3n del movimiento<\/strong><br \/>\nPor medio de la biela se transforma el movimiento rotativo de la rueda de impulsi\u00f3n y su eje, en en movimiento rectil\u00edneo vertical y se transmite a la corredera en cuyo centro est\u00e1 fuertemente fijada la varilla que acciona el pist\u00f3n de la bomba. Con este dispositivo de doble engranaje se obtiene una distribuci\u00f3n perfectamente equilibrada del esfuerzo aplicado sobre la corredera que acciona la varilla de bombeo.<\/p>\n<p class=\"texto_chico\" align=\"justify\"><strong>Sistema giratorio<\/strong><br \/>\nEl sistema giratorio ha sido construido siguiendo el sistema cl\u00e1sico, consistente en una taza con arandela de fricci\u00f3n sobre las cuales se apoya toda la m\u00e1quina quedando protegidas contra el polvo, por su s\u00f3lido reborde en la parte inferior de la caja del mecanismo. Por esto permite que la rueda pueda orientarse f\u00e1cilmente enfrentando al viento ante la brisa m\u00e1s suave o defenderse de las r\u00e1fagas de viento huracanado, pleg\u00e1ndose al mismo tiempo, para volver a su posici\u00f3n normal a medida que la velocidad del viento disminuye, con lo que se regula autom\u00e1ticamente la velocidad de rotaci\u00f3n de la rueda.<\/p>\n<p class=\"texto_chico_negrita\"><strong>La caja de mecanismo y su protecci\u00f3n<\/strong><\/p>\n<p>La m\u00e1quina de nuestros molinos est\u00e1 contenida en un s\u00f3lido carter, cubierta por una chapa galvanizada que pone al mecanismo a resguardo del polvo, el agua y\u00a0 elementos extra\u00f1os que pudieran perjudicar su buen funcionamiento.<\/p>\n<p><b>Lubricaci\u00f3n<\/b><br \/>\nA la lubricaci\u00f3n atribuimos una importancia fundamental en la vida \u00fatil de todas las piezas y \u00e9sta se efect\u00faa por ba\u00f1o constante de aceite, que consiste en el llenado de la caja del mecanismo con lubricante hasta un nivel determinado.<\/p>\n<p><strong>Freno<\/strong><br \/>\nEl freno, de amplia superficie de acci\u00f3n, abarca casi toda la periferia de la maza de la rueda y est\u00e1 provisto de un sistema regulable que permite que la presi\u00f3n se efect\u00fae en forma gradual hasta llegar a inmovilizar completamente la rueda si se desea que \u00e9sta no gire en absoluto estando el molino cerrado.<\/p>\n<p class=\"texto_chico\" align=\"justify\"><strong>La rueda<\/strong><br \/>\nEn la fabricaci\u00f3n de la rueda hemos tenido presente la importancia del funcionamiento de esta pieza.<br \/>\nUna buena rueda es aqu\u00e9lla que posee un gran poder de captaci\u00f3n de las corrientes de aire y cuyas paletas est\u00e1n construidas y posicionadas de tal forma que la brisa m\u00e1s suave la ponga en movimiento. El n\u00famero de aspas, su dimensi\u00f3n, su peso y el \u00e1ngulo de ataque son el resultado de un cuidadoso estudio.<\/p>\n<hr \/>\n<p>&nbsp;<\/p>\n<p><img loading=\"lazy\" decoding=\"async\" class=\"aligncenter wp-image-310 size-full\" src=\"http:\/\/famaconsa.com\/molinos\/wp-content\/uploads\/2016\/06\/Tabla-de-rendimiento-final-copia3-e1467369317155.jpg\" alt=\"Tabla de rendimiento final copia3\" width=\"2385\" height=\"1430\" srcset=\"http:\/\/famaconsa.com\/molinos\/wp-content\/uploads\/2016\/06\/Tabla-de-rendimiento-final-copia3-e1467369317155.jpg 2385w, http:\/\/famaconsa.com\/molinos\/wp-content\/uploads\/2016\/06\/Tabla-de-rendimiento-final-copia3-e1467369317155-300x180.jpg 300w, http:\/\/famaconsa.com\/molinos\/wp-content\/uploads\/2016\/06\/Tabla-de-rendimiento-final-copia3-e1467369317155-768x460.jpg 768w, http:\/\/famaconsa.com\/molinos\/wp-content\/uploads\/2016\/06\/Tabla-de-rendimiento-final-copia3-e1467369317155-1024x614.jpg 1024w\" sizes=\"auto, (max-width: 2385px) 100vw, 2385px\" \/><\/p>\n<p><a href=\"http:\/\/famaconsa.com\/molinos\/wp-content\/uploads\/2016\/07\/Tabla-de-rendimiento-de-molinos-pa\u0301gina2-.jpg\"><img loading=\"lazy\" decoding=\"async\" class=\"aligncenter size-full wp-image-451\" src=\"http:\/\/famaconsa.com\/molinos\/wp-content\/uploads\/2016\/07\/Tabla-de-rendimiento-de-molinos-pa\u0301gina2-.jpg\" alt=\"Tabla de rendimiento de molinos 2\" width=\"2120\" height=\"1834\" srcset=\"http:\/\/famaconsa.com\/molinos\/wp-content\/uploads\/2016\/07\/Tabla-de-rendimiento-de-molinos-pa\u0301gina2-.jpg 2120w, http:\/\/famaconsa.com\/molinos\/wp-content\/uploads\/2016\/07\/Tabla-de-rendimiento-de-molinos-pa\u0301gina2--300x260.jpg 300w, http:\/\/famaconsa.com\/molinos\/wp-content\/uploads\/2016\/07\/Tabla-de-rendimiento-de-molinos-pa\u0301gina2--768x664.jpg 768w, http:\/\/famaconsa.com\/molinos\/wp-content\/uploads\/2016\/07\/Tabla-de-rendimiento-de-molinos-pa\u0301gina2--1024x886.jpg 1024w\" sizes=\"auto, (max-width: 2120px) 100vw, 2120px\" \/><\/a><\/p>\n<hr \/>\n<div id=\"attachment_188\" style=\"width: 3494px\" class=\"wp-caption alignright\"><img loading=\"lazy\" decoding=\"async\" aria-describedby=\"caption-attachment-188\" class=\"wp-image-188 size-full\" src=\"http:\/\/famaconsa.com\/molinos\/wp-content\/uploads\/2016\/06\/hercules-video.jpg\" alt=\"hercules video\" width=\"3484\" height=\"4229\" srcset=\"http:\/\/famaconsa.com\/molinos\/wp-content\/uploads\/2016\/06\/hercules-video.jpg 3484w, http:\/\/famaconsa.com\/molinos\/wp-content\/uploads\/2016\/06\/hercules-video-247x300.jpg 247w, http:\/\/famaconsa.com\/molinos\/wp-content\/uploads\/2016\/06\/hercules-video-768x932.jpg 768w, http:\/\/famaconsa.com\/molinos\/wp-content\/uploads\/2016\/06\/hercules-video-844x1024.jpg 844w\" sizes=\"auto, (max-width: 3484px) 100vw, 3484px\" \/><p id=\"caption-attachment-188\" class=\"wp-caption-text\">Molino HERCULES<\/p><\/div>\n<p>&nbsp;<\/p>\n<h2><strong><em><a href=\"http:\/\/famaconsa.com\/molinos\/molinos\/\" target=\"_blank\">Molinos HURACAN <\/a><\/em><\/strong><\/h2>\n<p>&nbsp;<\/p>\n<p>&nbsp;<\/p>\n<p>&nbsp;<\/p>\n<p>&nbsp;<\/p>\n<p>&nbsp;<\/p>\n<p>&nbsp;<\/p>\n","protected":false},"excerpt":{"rendered":"<p>Molinos HERCULES modelo 75 y 90 La tecnolog\u00eda que se emplea en la fabricaci\u00f3n de toda nuestra l\u00ednea de productos es de \u00faltima generaci\u00f3n. Se utilizan ordenadores CAD para el dise\u00f1o y la optimizaci\u00f3n de piezas y materiales, tornos de control num\u00e9rico, cortadoras y dobladoras de chapa autom\u00e1ticas, remachadoras de precisi\u00f3n. Gracias a la utilizaci\u00f3n [&hellip;]<\/p>\n","protected":false},"author":3,"featured_media":0,"parent":0,"menu_order":0,"comment_status":"closed","ping_status":"closed","template":"","meta":{"footnotes":""},"class_list":["post-206","page","type-page","status-publish","czr-hentry"],"_links":{"self":[{"href":"http:\/\/famaconsa.com\/molinos\/wp-json\/wp\/v2\/pages\/206","targetHints":{"allow":["GET"]}}],"collection":[{"href":"http:\/\/famaconsa.com\/molinos\/wp-json\/wp\/v2\/pages"}],"about":[{"href":"http:\/\/famaconsa.com\/molinos\/wp-json\/wp\/v2\/types\/page"}],"author":[{"embeddable":true,"href":"http:\/\/famaconsa.com\/molinos\/wp-json\/wp\/v2\/users\/3"}],"replies":[{"embeddable":true,"href":"http:\/\/famaconsa.com\/molinos\/wp-json\/wp\/v2\/comments?post=206"}],"version-history":[{"count":13,"href":"http:\/\/famaconsa.com\/molinos\/wp-json\/wp\/v2\/pages\/206\/revisions"}],"predecessor-version":[{"id":455,"href":"http:\/\/famaconsa.com\/molinos\/wp-json\/wp\/v2\/pages\/206\/revisions\/455"}],"wp:attachment":[{"href":"http:\/\/famaconsa.com\/molinos\/wp-json\/wp\/v2\/media?parent=206"}],"curies":[{"name":"wp","href":"https:\/\/api.w.org\/{rel}","templated":true}]}}