{"id":2,"date":"2013-11-06T11:55:36","date_gmt":"2013-11-06T11:55:36","guid":{"rendered":"http:\/\/famaconsa.com\/molinos\/?page_id=2"},"modified":"2021-05-28T20:04:18","modified_gmt":"2021-05-28T20:04:18","slug":"empresa","status":"publish","type":"page","link":"http:\/\/famaconsa.com\/molinos\/empresa\/","title":{"rendered":"Empresa"},"content":{"rendered":"<p><img loading=\"lazy\" decoding=\"async\" class=\"aligncenter size-full wp-image-1235\" src=\"http:\/\/famaconsa.com\/molinos\/wp-content\/uploads\/2021\/05\/IMG-20210527-WA0090-1.jpg\" alt=\"\" width=\"1280\" height=\"958\" srcset=\"http:\/\/famaconsa.com\/molinos\/wp-content\/uploads\/2021\/05\/IMG-20210527-WA0090-1.jpg 1280w, http:\/\/famaconsa.com\/molinos\/wp-content\/uploads\/2021\/05\/IMG-20210527-WA0090-1-300x225.jpg 300w, http:\/\/famaconsa.com\/molinos\/wp-content\/uploads\/2021\/05\/IMG-20210527-WA0090-1-1024x766.jpg 1024w, http:\/\/famaconsa.com\/molinos\/wp-content\/uploads\/2021\/05\/IMG-20210527-WA0090-1-768x575.jpg 768w\" sizes=\"auto, (max-width: 1280px) 100vw, 1280px\" \/><\/p>\n<p><span lang=\"es\">A principios del siglo XX, el mercado agropecuario argentino comenzaba a desarrollarse de manera r\u00e1pida y constante con el fin de abastecer las necesidades locales e internacionales, forjando a su alrededor una verdadera industria.<\/span><\/p>\n<p><span lang=\"es\">En el a\u00f1o 1902 se crea <\/span><strong><span lang=\"es\">\u201cI<\/span><span lang=\"es\">ndustria Metal\u00fargica H\u00e9rcules\u201d <\/span><\/strong><span lang=\"es\">una empresa argentina dedicada con exclusividad a la fabricaci\u00f3n de molinos a viento. Luego de varios a\u00f1os, y a partir de la incorporaci\u00f3n de nuevos productos, cambio su nombre al de <\/span><strong><span lang=\"es\">FAMACON S.A<\/span><\/strong><span lang=\"es\"><strong>.<\/strong>, tal como la conocemos en la actualidad.<\/span><\/p>\n<p><span lang=\"es\">Con m\u00e1s de 100 a\u00f1os en el mercado argentino. <\/span><strong><span lang=\"es\">FAMACON S.A <\/span><\/strong><span lang=\"es\">es una empresa dedicada a la fabricaci\u00f3n y venta de molinos a viento para la extracci\u00f3n de agua, bebederos y comederos para ganado, tanques de agua, tanques australianos.<\/span><\/p>\n<p><span lang=\"es\">La tecnolog\u00eda que se emplea en la fabricaci\u00f3n de toda nuestra l\u00ednea de productos es de \u00faltima generaci\u00f3n. Se utiliza ordenadores CAD para el dise\u00f1o y optimizaci\u00f3n de piezas y materiales, tornos \u00a0de control num\u00e9rico ,cortadoras y dobladoras de\u00a0 chapas autom\u00e1ticas, remachadoras de precisi\u00f3n , etc. Gracias a la utilizaci\u00f3n de esta tecnolog\u00eda y a la constante capacitaci\u00f3n de nuestro personal, m\u00e1s de 10 pa\u00edses en todo el mundo utilizan alguno de nuestros productos con \u00f3ptimos resultados.<\/span><\/p>\n<p><span lang=\"es\"><img loading=\"lazy\" decoding=\"async\" class=\"size-medium wp-image-60 alignleft\" src=\"http:\/\/famaconsa.com\/molinos\/wp-content\/uploads\/2013\/11\/engranajes-300x300.jpg\" alt=\"engranajes\" width=\"300\" height=\"300\" srcset=\"http:\/\/famaconsa.com\/molinos\/wp-content\/uploads\/2013\/11\/engranajes-300x300.jpg 300w, http:\/\/famaconsa.com\/molinos\/wp-content\/uploads\/2013\/11\/engranajes-150x150.jpg 150w, http:\/\/famaconsa.com\/molinos\/wp-content\/uploads\/2013\/11\/engranajes-768x768.jpg 768w, http:\/\/famaconsa.com\/molinos\/wp-content\/uploads\/2013\/11\/engranajes.jpg 800w\" sizes=\"auto, (max-width: 300px) 100vw, 300px\" \/>Entre profesionales, t\u00e9cnicos, operarios y personal administrativo.\u00a0<\/span><strong><span lang=\"es\">FAMACON S.A. <\/span><\/strong><span lang=\"es\">tiene 120 empleados, brindando a los clientes el asesoramiento necesario, para que al momento de tener que tomar una decisi\u00f3n sobre que tipo de equipamiento es el m\u00e1s adecuado a sus necesidades, tenga la seguridad de elegir correctamente.<\/span><\/p>\n<p>Como resultado hemos logrado que nuestras marcas <strong>HERCULES<\/strong>\u00a0y\u00a0<strong>HURACAN<\/strong> se encuentren entre las m\u00e1s prestigiosas del mercado.<\/p>\n<p>Nuestros productos est\u00e1n construidos bajo las m\u00e1s rigurosas normas de calidad, asegurando as\u00ed, una mayor durabilidad y un m\u00ednimo mantenimiento. Su fuerte construcci\u00f3n, su simpleza de dise\u00f1o y su eficaz desarrollo, han hecho que resistan las inclemencias del tiempo y puedan mantenerse permanentemente en operaci\u00f3n.<\/p>\n\n","protected":false},"excerpt":{"rendered":"<p>A principios del siglo XX, el mercado agropecuario argentino comenzaba a desarrollarse de manera r\u00e1pida y constante con el fin de abastecer las necesidades locales e internacionales, forjando a su alrededor una verdadera industria. En el a\u00f1o 1902 se crea \u201cIndustria Metal\u00fargica H\u00e9rcules\u201d una empresa argentina dedicada con exclusividad a la fabricaci\u00f3n de molinos a [&hellip;]<\/p>\n","protected":false},"author":1,"featured_media":0,"parent":0,"menu_order":0,"comment_status":"open","ping_status":"open","template":"","meta":{"footnotes":""},"class_list":["post-2","page","type-page","status-publish","czr-hentry"],"_links":{"self":[{"href":"http:\/\/famaconsa.com\/molinos\/wp-json\/wp\/v2\/pages\/2","targetHints":{"allow":["GET"]}}],"collection":[{"href":"http:\/\/famaconsa.com\/molinos\/wp-json\/wp\/v2\/pages"}],"about":[{"href":"http:\/\/famaconsa.com\/molinos\/wp-json\/wp\/v2\/types\/page"}],"author":[{"embeddable":true,"href":"http:\/\/famaconsa.com\/molinos\/wp-json\/wp\/v2\/users\/1"}],"replies":[{"embeddable":true,"href":"http:\/\/famaconsa.com\/molinos\/wp-json\/wp\/v2\/comments?post=2"}],"version-history":[{"count":12,"href":"http:\/\/famaconsa.com\/molinos\/wp-json\/wp\/v2\/pages\/2\/revisions"}],"predecessor-version":[{"id":1239,"href":"http:\/\/famaconsa.com\/molinos\/wp-json\/wp\/v2\/pages\/2\/revisions\/1239"}],"wp:attachment":[{"href":"http:\/\/famaconsa.com\/molinos\/wp-json\/wp\/v2\/media?parent=2"}],"curies":[{"name":"wp","href":"https:\/\/api.w.org\/{rel}","templated":true}]}}