{"id":18,"date":"2016-04-11T19:00:04","date_gmt":"2016-04-11T19:00:04","guid":{"rendered":"http:\/\/famaconsa.com\/molinos\/?page_id=18"},"modified":"2016-06-13T18:10:39","modified_gmt":"2016-06-13T18:10:39","slug":"distribuidores","status":"publish","type":"page","link":"http:\/\/famaconsa.com\/molinos\/distribuidores\/","title":{"rendered":"Distribuidores"},"content":{"rendered":"<p>Nuestros productos de primera calidad pueden ser adquiridos en distintos lugares de Argentina por medio de nuestros distribuidores, encuentre el m\u00e1s cercano a su ubicaci\u00f3n o cons\u00faltenos:<br \/>\n<style>\r\n\t#wpsl-stores .wpsl-store-thumb {height:45px !important; width:45px !important;}\r\n\t#wpsl-stores, #wpsl-direction-details, #wpsl-gmap {height:350px !important;}\r\n\t#wpsl-gmap .wpsl-info-window {max-width:225px !important;}\r\n\t.wpsl-input label, #wpsl-radius label, #wpsl-category label {width:95px;}\r\n\t#wpsl-search-input  {width:179px;}\r\n<\/style>\r\n<div id=\"wpsl-wrap\">\r\n\t<div class=\"wpsl-search wpsl-clearfix \">\r\n\t\t<div id=\"wpsl-search-wrap\">\r\n\t\t\t<form autocomplete=\"off\">\r\n\t\t\t<div class=\"wpsl-input\">\r\n\t\t\t\t<div><label for=\"wpsl-search-input\">Su ubicaci\u00f3n<\/label><\/div>\r\n\t\t\t\t<input id=\"wpsl-search-input\" type=\"text\" value=\"\" name=\"wpsl-search-input\" placeholder=\"\" aria-required=\"true\" \/>\r\n\t\t\t<\/div>\r\n\t\t\t<div class=\"wpsl-select-wrap\">\r\n\t\t\t\t<div id=\"wpsl-radius\">\r\n\t\t\t\t\t<label for=\"wpsl-radius-dropdown\">Radio<\/label>\r\n\t\t\t\t\t<select id=\"wpsl-radius-dropdown\" class=\"wpsl-dropdown\" name=\"wpsl-radius\">\r\n\t\t\t\t\t\t<option value=\"10\">10 km<\/option><option value=\"25\">25 km<\/option><option selected=\"selected\" value=\"50\">50 km<\/option><option value=\"100\">100 km<\/option><option value=\"200\">200 km<\/option><option value=\"500\">500 km<\/option>\r\n\t\t\t\t\t<\/select>\r\n\t\t\t\t<\/div>\r\n\t\t\t\t<div id=\"wpsl-results\">\r\n\t\t\t\t\t<label for=\"wpsl-results-dropdown\">Resultados<\/label>\r\n\t\t\t\t\t<select id=\"wpsl-results-dropdown\" class=\"wpsl-dropdown\" name=\"wpsl-results\">\r\n\t\t\t\t\t\t<option selected=\"selected\" value=\"25\">25<\/option><option value=\"50\">50<\/option><option value=\"75\">75<\/option><option value=\"100\">100<\/option>\r\n\t\t\t\t\t<\/select>\r\n\t\t\t\t<\/div>\r\n\t\t\t<\/div>\r\n\t\t\t\t<div class=\"wpsl-search-btn-wrap\"><input id=\"wpsl-search-btn\" type=\"submit\" value=\"Buscar\"><\/div>\r\n\t\t<\/form>\r\n\t\t<\/div>\r\n\t<\/div>\r\n\t<div id=\"wpsl-gmap\" class=\"wpsl-gmap-canvas\"><\/div>\r\n\t<div id=\"wpsl-result-list\">\r\n\t\t<div id=\"wpsl-stores\" >\r\n\t\t\t<ul><\/ul>\r\n\t\t<\/div>\r\n\t\t<div id=\"wpsl-direction-details\">\r\n\t\t\t<ul><\/ul>\r\n\t\t<\/div>\r\n\t<\/div>\r\n<\/div>\r\n<\/p>\n","protected":false},"excerpt":{"rendered":"<p>Nuestros productos de primera calidad pueden ser adquiridos en distintos lugares de Argentina por medio de nuestros distribuidores, encuentre el m\u00e1s cercano a su ubicaci\u00f3n o cons\u00faltenos:<\/p>\n","protected":false},"author":3,"featured_media":58,"parent":0,"menu_order":0,"comment_status":"closed","ping_status":"closed","template":"","meta":{"footnotes":""},"class_list":["post-18","page","type-page","status-publish","has-post-thumbnail","czr-hentry"],"_links":{"self":[{"href":"http:\/\/famaconsa.com\/molinos\/wp-json\/wp\/v2\/pages\/18","targetHints":{"allow":["GET"]}}],"collection":[{"href":"http:\/\/famaconsa.com\/molinos\/wp-json\/wp\/v2\/pages"}],"about":[{"href":"http:\/\/famaconsa.com\/molinos\/wp-json\/wp\/v2\/types\/page"}],"author":[{"embeddable":true,"href":"http:\/\/famaconsa.com\/molinos\/wp-json\/wp\/v2\/users\/3"}],"replies":[{"embeddable":true,"href":"http:\/\/famaconsa.com\/molinos\/wp-json\/wp\/v2\/comments?post=18"}],"version-history":[{"count":6,"href":"http:\/\/famaconsa.com\/molinos\/wp-json\/wp\/v2\/pages\/18\/revisions"}],"predecessor-version":[{"id":100,"href":"http:\/\/famaconsa.com\/molinos\/wp-json\/wp\/v2\/pages\/18\/revisions\/100"}],"wp:featuredmedia":[{"embeddable":true,"href":"http:\/\/famaconsa.com\/molinos\/wp-json\/wp\/v2\/media\/58"}],"wp:attachment":[{"href":"http:\/\/famaconsa.com\/molinos\/wp-json\/wp\/v2\/media?parent=18"}],"curies":[{"name":"wp","href":"https:\/\/api.w.org\/{rel}","templated":true}]}}