{"id":176,"date":"2016-06-09T20:00:07","date_gmt":"2016-06-09T20:00:07","guid":{"rendered":"http:\/\/famaconsa.com\/molinos\/?page_id=176"},"modified":"2016-07-01T11:00:33","modified_gmt":"2016-07-01T11:00:33","slug":"tanques-conicos","status":"publish","type":"page","link":"http:\/\/famaconsa.com\/molinos\/tanques-conicos\/","title":{"rendered":"Tanques C\u00f3nicos"},"content":{"rendered":"<p>Los tanques c\u00f3nicos se construyen en chapa galvanizada de distintos espesores, totalmente abulonados, con bridas para su conexi\u00f3n, y cuentan con puerta de inspecci\u00f3n en la parte superior. Capacidades desde 1.000 a 3.000 Lts<\/p>\n<h4><strong>Consultar por otras medidas y capacidades.<\/strong><\/h4>\n<h2><em><strong>Haga click en la imagen para ampliar.<\/strong><\/em><\/h2>\n\n\t\t<style type=\"text\/css\">\n\t\t\t#gallery-1 {\n\t\t\t\tmargin: auto;\n\t\t\t}\n\t\t\t#gallery-1 .gallery-item {\n\t\t\t\tfloat: left;\n\t\t\t\tmargin-top: 10px;\n\t\t\t\ttext-align: center;\n\t\t\t\twidth: 33%;\n\t\t\t}\n\t\t\t#gallery-1 img {\n\t\t\t\tborder: 2px solid #cfcfcf;\n\t\t\t}\n\t\t\t#gallery-1 .gallery-caption {\n\t\t\t\tmargin-left: 0;\n\t\t\t}\n\t\t\t\/* see gallery_shortcode() in wp-includes\/media.php *\/\n\t\t<\/style>\n\t\t<div id='gallery-1' class='gallery galleryid-176 gallery-columns-3 gallery-size-full'><dl class='gallery-item'>\n\t\t\t<dt class='gallery-icon landscape'>\n\t\t\t\t<a class=\"grouped_elements\" rel=\"tc-fancybox-group\" href=\"http:\/\/famaconsa.com\/molinos\/wp-content\/uploads\/2016\/04\/molino5.jpg\" title=\"molino de viento\"><img loading=\"lazy\" decoding=\"async\" width=\"800\" height=\"800\" src=\"http:\/\/famaconsa.com\/molinos\/wp-content\/uploads\/2016\/04\/molino5.jpg\" class=\"attachment-full size-full\" alt=\"\" srcset=\"http:\/\/famaconsa.com\/molinos\/wp-content\/uploads\/2016\/04\/molino5.jpg 800w, http:\/\/famaconsa.com\/molinos\/wp-content\/uploads\/2016\/04\/molino5-150x150.jpg 150w, http:\/\/famaconsa.com\/molinos\/wp-content\/uploads\/2016\/04\/molino5-300x300.jpg 300w, http:\/\/famaconsa.com\/molinos\/wp-content\/uploads\/2016\/04\/molino5-768x768.jpg 768w\" sizes=\"auto, (max-width: 800px) 100vw, 800px\" \/><\/a>\n\t\t\t<\/dt>\n\t\t\t\t<dd class='wp-caption-text gallery-caption' id='gallery-1-116'>\n\t\t\t\tMolino con Tanque c\u00f3nico \n\t\t\t\t<\/dd><\/dl><dl class='gallery-item'>\n\t\t\t<dt class='gallery-icon landscape'>\n\t\t\t\t<a class=\"grouped_elements\" rel=\"tc-fancybox-group\" href=\"http:\/\/famaconsa.com\/molinos\/wp-content\/uploads\/2016\/06\/IMGP1177.jpg\" title=\"IMGP1177\"><img loading=\"lazy\" decoding=\"async\" width=\"1600\" height=\"1200\" src=\"http:\/\/famaconsa.com\/molinos\/wp-content\/uploads\/2016\/06\/IMGP1177.jpg\" class=\"attachment-full size-full\" alt=\"\" srcset=\"http:\/\/famaconsa.com\/molinos\/wp-content\/uploads\/2016\/06\/IMGP1177.jpg 1600w, http:\/\/famaconsa.com\/molinos\/wp-content\/uploads\/2016\/06\/IMGP1177-300x225.jpg 300w, http:\/\/famaconsa.com\/molinos\/wp-content\/uploads\/2016\/06\/IMGP1177-768x576.jpg 768w, http:\/\/famaconsa.com\/molinos\/wp-content\/uploads\/2016\/06\/IMGP1177-1024x768.jpg 1024w\" sizes=\"auto, (max-width: 1600px) 100vw, 1600px\" \/><\/a>\n\t\t\t<\/dt>\n\t\t\t\t<dd class='wp-caption-text gallery-caption' id='gallery-1-183'>\n\t\t\t\tMolino con tanque c\u00f3nico y tanque australiano\n\t\t\t\t<\/dd><\/dl>\n\t\t\t<br style='clear: both' \/>\n\t\t<\/div>\n\n","protected":false},"excerpt":{"rendered":"<p>Los tanques c\u00f3nicos se construyen en chapa galvanizada de distintos espesores, totalmente abulonados, con bridas para su conexi\u00f3n, y cuentan con puerta de inspecci\u00f3n en la parte superior. Capacidades desde 1.000 a 3.000 Lts Consultar por otras medidas y capacidades. Haga click en la imagen para ampliar.<\/p>\n","protected":false},"author":3,"featured_media":0,"parent":0,"menu_order":0,"comment_status":"closed","ping_status":"closed","template":"","meta":{"footnotes":""},"class_list":["post-176","page","type-page","status-publish","czr-hentry"],"_links":{"self":[{"href":"http:\/\/famaconsa.com\/molinos\/wp-json\/wp\/v2\/pages\/176","targetHints":{"allow":["GET"]}}],"collection":[{"href":"http:\/\/famaconsa.com\/molinos\/wp-json\/wp\/v2\/pages"}],"about":[{"href":"http:\/\/famaconsa.com\/molinos\/wp-json\/wp\/v2\/types\/page"}],"author":[{"embeddable":true,"href":"http:\/\/famaconsa.com\/molinos\/wp-json\/wp\/v2\/users\/3"}],"replies":[{"embeddable":true,"href":"http:\/\/famaconsa.com\/molinos\/wp-json\/wp\/v2\/comments?post=176"}],"version-history":[{"count":5,"href":"http:\/\/famaconsa.com\/molinos\/wp-json\/wp\/v2\/pages\/176\/revisions"}],"predecessor-version":[{"id":468,"href":"http:\/\/famaconsa.com\/molinos\/wp-json\/wp\/v2\/pages\/176\/revisions\/468"}],"wp:attachment":[{"href":"http:\/\/famaconsa.com\/molinos\/wp-json\/wp\/v2\/media?parent=176"}],"curies":[{"name":"wp","href":"https:\/\/api.w.org\/{rel}","templated":true}]}}